{"id":850,"date":"2020-02-01T18:59:40","date_gmt":"2020-02-01T18:59:40","guid":{"rendered":"https:\/\/sirgas.ipgh.org\/simposio\/about-us\/"},"modified":"2022-08-30T11:56:36","modified_gmt":"2022-08-30T11:56:36","slug":"inscripcion","status":"publish","type":"page","link":"https:\/\/sirgas.ipgh.org\/simposio\/inscripcion\/","title":{"rendered":"INSCRIPCI\u00d3N"},"content":{"rendered":"\t\t<div data-elementor-type=\"wp-page\" data-elementor-id=\"850\" class=\"elementor elementor-850\">\n\t\t\t\t\t\t\t\t\t<section class=\"elementor-section elementor-top-section elementor-element elementor-element-6ff2ff7 elementor-section-boxed elementor-section-height-default elementor-section-height-default\" data-id=\"6ff2ff7\" data-element_type=\"section\" data-settings=\"{&quot;background_background&quot;:&quot;classic&quot;}\">\n\t\t\t\t\t\t\t<div class=\"elementor-background-overlay\"><\/div>\n\t\t\t\t\t\t\t<div class=\"elementor-container elementor-column-gap-no\">\n\t\t\t\t\t<div class=\"elementor-column elementor-col-100 elementor-top-column elementor-element elementor-element-d4acc06\" data-id=\"d4acc06\" data-element_type=\"column\">\n\t\t\t<div class=\"elementor-widget-wrap elementor-element-populated\">\n\t\t\t\t\t\t\t\t<div class=\"elementor-element elementor-element-46cdfba elementor-widget elementor-widget-spacer\" data-id=\"46cdfba\" data-element_type=\"widget\" data-widget_type=\"spacer.default\">\n\t\t\t\t<div class=\"elementor-widget-container\">\n\t\t\t<style>\/*! elementor - v3.11.5 - 14-03-2023 *\/\n.elementor-column .elementor-spacer-inner{height:var(--spacer-size)}.e-con{--container-widget-width:100%}.e-con-inner>.elementor-widget-spacer,.e-con>.elementor-widget-spacer{width:var(--container-widget-width,var(--spacer-size));--align-self:var(--container-widget-align-self,initial);--flex-shrink:0}.e-con-inner>.elementor-widget-spacer>.elementor-widget-container,.e-con-inner>.elementor-widget-spacer>.elementor-widget-container>.elementor-spacer,.e-con>.elementor-widget-spacer>.elementor-widget-container,.e-con>.elementor-widget-spacer>.elementor-widget-container>.elementor-spacer{height:100%}.e-con-inner>.elementor-widget-spacer>.elementor-widget-container>.elementor-spacer>.elementor-spacer-inner,.e-con>.elementor-widget-spacer>.elementor-widget-container>.elementor-spacer>.elementor-spacer-inner{height:var(--container-widget-height,var(--spacer-size))}<\/style>\t\t<div class=\"elementor-spacer\">\n\t\t\t<div class=\"elementor-spacer-inner\"><\/div>\n\t\t<\/div>\n\t\t\t\t<\/div>\n\t\t\t\t<\/div>\n\t\t\t\t<div class=\"elementor-element elementor-element-bee4950 elementor-widget elementor-widget-heading\" data-id=\"bee4950\" data-element_type=\"widget\" data-widget_type=\"heading.default\">\n\t\t\t\t<div class=\"elementor-widget-container\">\n\t\t\t<style>\/*! elementor - v3.11.5 - 14-03-2023 *\/\n.elementor-heading-title{padding:0;margin:0;line-height:1}.elementor-widget-heading .elementor-heading-title[class*=elementor-size-]>a{color:inherit;font-size:inherit;line-height:inherit}.elementor-widget-heading .elementor-heading-title.elementor-size-small{font-size:15px}.elementor-widget-heading .elementor-heading-title.elementor-size-medium{font-size:19px}.elementor-widget-heading .elementor-heading-title.elementor-size-large{font-size:29px}.elementor-widget-heading .elementor-heading-title.elementor-size-xl{font-size:39px}.elementor-widget-heading .elementor-heading-title.elementor-size-xxl{font-size:59px}<\/style><h1 class=\"elementor-heading-title elementor-size-default\">Inscripci\u00f3n<\/h1>\t\t<\/div>\n\t\t\t\t<\/div>\n\t\t\t\t<div class=\"elementor-element elementor-element-361f8f0 elementor-widget elementor-widget-spacer\" data-id=\"361f8f0\" data-element_type=\"widget\" data-widget_type=\"spacer.default\">\n\t\t\t\t<div class=\"elementor-widget-container\">\n\t\t\t\t\t<div class=\"elementor-spacer\">\n\t\t\t<div class=\"elementor-spacer-inner\"><\/div>\n\t\t<\/div>\n\t\t\t\t<\/div>\n\t\t\t\t<\/div>\n\t\t\t\t\t<\/div>\n\t\t<\/div>\n\t\t\t\t\t\t\t<\/div>\n\t\t<\/section>\n\t\t\t\t<section class=\"elementor-section elementor-top-section elementor-element elementor-element-dbdf9ac elementor-section-content-middle elementor-section-boxed elementor-section-height-default elementor-section-height-default\" data-id=\"dbdf9ac\" data-element_type=\"section\">\n\t\t\t\t\t\t<div class=\"elementor-container elementor-column-gap-no\">\n\t\t\t\t\t<div class=\"elementor-column elementor-col-100 elementor-top-column elementor-element elementor-element-105f188\" data-id=\"105f188\" data-element_type=\"column\">\n\t\t\t<div class=\"elementor-widget-wrap elementor-element-populated\">\n\t\t\t\t\t\t\t\t<div class=\"elementor-element elementor-element-4918b41 elementor-widget elementor-widget-text-editor\" data-id=\"4918b41\" data-element_type=\"widget\" data-widget_type=\"text-editor.default\">\n\t\t\t\t<div class=\"elementor-widget-container\">\n\t\t\t<style>\/*! elementor - v3.11.5 - 14-03-2023 *\/\n.elementor-widget-text-editor.elementor-drop-cap-view-stacked .elementor-drop-cap{background-color:#818a91;color:#fff}.elementor-widget-text-editor.elementor-drop-cap-view-framed .elementor-drop-cap{color:#818a91;border:3px solid;background-color:transparent}.elementor-widget-text-editor:not(.elementor-drop-cap-view-default) .elementor-drop-cap{margin-top:8px}.elementor-widget-text-editor:not(.elementor-drop-cap-view-default) .elementor-drop-cap-letter{width:1em;height:1em}.elementor-widget-text-editor .elementor-drop-cap{float:left;text-align:center;line-height:1;font-size:50px}.elementor-widget-text-editor .elementor-drop-cap-letter{display:inline-block}<\/style>\t\t\t\t<h2>Inscripci\u00f3n al Simposio SIRGAS 2022<\/h2>\t\t\t\t\t\t<\/div>\n\t\t\t\t<\/div>\n\t\t\t\t\t<\/div>\n\t\t<\/div>\n\t\t\t\t\t\t\t<\/div>\n\t\t<\/section>\n\t\t\t\t<section class=\"elementor-section elementor-top-section elementor-element elementor-element-a26176a elementor-section-boxed elementor-section-height-default elementor-section-height-default\" data-id=\"a26176a\" data-element_type=\"section\">\n\t\t\t\t\t\t<div class=\"elementor-container elementor-column-gap-no\">\n\t\t\t\t\t<div class=\"elementor-column elementor-col-33 elementor-top-column elementor-element elementor-element-c927f23\" data-id=\"c927f23\" data-element_type=\"column\">\n\t\t\t<div class=\"elementor-widget-wrap elementor-element-populated\">\n\t\t\t\t\t\t\t\t<div class=\"elementor-element elementor-element-bf8264c elementor-widget elementor-widget-heading\" data-id=\"bf8264c\" data-element_type=\"widget\" data-widget_type=\"heading.default\">\n\t\t\t\t<div class=\"elementor-widget-container\">\n\t\t\t<h2 class=\"elementor-heading-title elementor-size-default\">Asistentes<\/h2>\t\t<\/div>\n\t\t\t\t<\/div>\n\t\t\t\t\t<\/div>\n\t\t<\/div>\n\t\t\t\t<div class=\"elementor-column elementor-col-66 elementor-top-column elementor-element elementor-element-61ca281\" data-id=\"61ca281\" data-element_type=\"column\">\n\t\t\t<div class=\"elementor-widget-wrap elementor-element-populated\">\n\t\t\t\t\t\t\t\t<div class=\"elementor-element elementor-element-338057a elementor-widget elementor-widget-text-editor\" data-id=\"338057a\" data-element_type=\"widget\" data-widget_type=\"text-editor.default\">\n\t\t\t\t<div class=\"elementor-widget-container\">\n\t\t\t\t\t\t\t<p>Los interesados en asistir al evento deber\u00e1n registrarse a trav\u00e9s del <strong><a href=\"https:\/\/www.igm.cl\/?page=inscripcion-asistentes\">formulario para asistentes<\/a><\/strong> antes del <strong>30 de octubre de 2022<\/strong>.<\/p><p>Luego deber\u00e1n realizar el pago de inscripci\u00f3n correspondiente, considerando las modalidades de pago anticipado que se indican en el formulario.<\/p><p>Finalmente, se debe enviar un correo electr\u00f3nico adjuntando una copia del comprobante de transferencia bancaria o pago de tarjeta de cr\u00e9dito, en formato pdf o jpg a <strong><a href=\"mailto:sirgas2022@igm.cl\">sirgas2022@igm.cl<\/a><\/strong>, indicando en el asunto \u201cComprobante de pago simposio \u2013 apellido nombre\u201d.<\/p><table><tbody><tr><td width=\"258\"><p>\u00a0<\/p><\/td><td width=\"88\"><p><strong>05\/08 al 31\/08<\/strong><\/p><\/td><td width=\"84\"><p><strong>01\/09 al 01\/11<\/strong><\/p><\/td><td width=\"90\"><p><strong>Durante el evento<\/strong><\/p><\/td><\/tr><tr><td width=\"258\"><p><strong>General<\/strong><\/p><\/td><td width=\"88\"><p>$50 USD<\/p><\/td><td width=\"84\"><p>$60 USD<\/p><\/td><td width=\"90\"><p>$70 USD<\/p><\/td><\/tr><tr><td width=\"258\"><p><strong>Membros IPGH, IAG e IGM<\/strong><\/p><\/td><td width=\"88\"><p>$30 USD<\/p><\/td><td width=\"84\"><p>$40 USD<\/p><\/td><td width=\"90\"><p>$50 USD<\/p><\/td><\/tr><tr><td width=\"258\"><p><strong>Estudiantes<\/strong><\/p><\/td><td width=\"88\"><p>$15 USD<\/p><\/td><td width=\"84\"><p>$15 USD<\/p><\/td><td width=\"90\"><p>$20 USD<\/p><\/td><\/tr><\/tbody><\/table><p>\u00a0<\/p>\t\t\t\t\t\t<\/div>\n\t\t\t\t<\/div>\n\t\t\t\t\t<\/div>\n\t\t<\/div>\n\t\t\t\t\t\t\t<\/div>\n\t\t<\/section>\n\t\t\t\t<section class=\"elementor-section elementor-top-section elementor-element elementor-element-b480855 elementor-section-boxed elementor-section-height-default elementor-section-height-default\" data-id=\"b480855\" data-element_type=\"section\" data-settings=\"{&quot;background_background&quot;:&quot;classic&quot;}\">\n\t\t\t\t\t\t<div class=\"elementor-container elementor-column-gap-no\">\n\t\t\t\t\t<div class=\"elementor-column elementor-col-33 elementor-top-column elementor-element elementor-element-0ba0de3\" data-id=\"0ba0de3\" data-element_type=\"column\">\n\t\t\t<div class=\"elementor-widget-wrap elementor-element-populated\">\n\t\t\t\t\t\t\t\t<div class=\"elementor-element elementor-element-2a70872 elementor-widget elementor-widget-heading\" data-id=\"2a70872\" data-element_type=\"widget\" data-widget_type=\"heading.default\">\n\t\t\t\t<div class=\"elementor-widget-container\">\n\t\t\t<h2 class=\"elementor-heading-title elementor-size-default\">Expositores<\/h2>\t\t<\/div>\n\t\t\t\t<\/div>\n\t\t\t\t\t<\/div>\n\t\t<\/div>\n\t\t\t\t<div class=\"elementor-column elementor-col-66 elementor-top-column elementor-element elementor-element-f658b3a\" data-id=\"f658b3a\" data-element_type=\"column\">\n\t\t\t<div class=\"elementor-widget-wrap elementor-element-populated\">\n\t\t\t\t\t\t\t\t<div class=\"elementor-element elementor-element-f1a89e5 elementor-widget elementor-widget-text-editor\" data-id=\"f1a89e5\" data-element_type=\"widget\" data-widget_type=\"text-editor.default\">\n\t\t\t\t<div class=\"elementor-widget-container\">\n\t\t\t\t\t\t\t<p>Las postulaciones para presentaciones se realizar\u00e1n enviando un resumen de no m\u00e1s de 2000 caracteres a trav\u00e9s del <strong><a href=\"https:\/\/docs.google.com\/forms\/d\/e\/1FAIpQLSdRcvOfIPzmHWX0e-EmhOs0LNTFkyDULgpJQxQa7n5Dc9hLvg\/viewform\">formulario para expositores<\/a><\/strong> antes del <strong>15 de septiembre de 2022<\/strong>. El mismo deber\u00e1 enmarcarse en los ejes tem\u00e1ticos del programa del evento y ser\u00e1 evaluado por el Comit\u00e9 Cient\u00edfico y Comit\u00e9 Ejecutivo de SIRGAS. Las modalidades de presentaci\u00f3n ser\u00e1n las siguientes:<\/p>\n<p>Ponencias: son presentaciones orales de 15 minutos de duraci\u00f3n; y<\/p>\n<p>Posters: son afiches en formato pdf que estar\u00e1n disponibles para su descarga y que deber\u00e1n ser presentados en forma oral en 3 minutos.<\/p>\t\t\t\t\t\t<\/div>\n\t\t\t\t<\/div>\n\t\t\t\t\t<\/div>\n\t\t<\/div>\n\t\t\t\t\t\t\t<\/div>\n\t\t<\/section>\n\t\t\t\t<section class=\"elementor-section elementor-top-section elementor-element elementor-element-79cc925 elementor-section-boxed elementor-section-height-default elementor-section-height-default\" data-id=\"79cc925\" data-element_type=\"section\">\n\t\t\t\t\t\t<div class=\"elementor-container elementor-column-gap-no\">\n\t\t\t\t\t<div class=\"elementor-column elementor-col-33 elementor-top-column elementor-element elementor-element-54f61d1\" data-id=\"54f61d1\" data-element_type=\"column\">\n\t\t\t<div class=\"elementor-widget-wrap elementor-element-populated\">\n\t\t\t\t\t\t\t\t<div class=\"elementor-element elementor-element-e29aed9 elementor-widget elementor-widget-heading\" data-id=\"e29aed9\" data-element_type=\"widget\" data-widget_type=\"heading.default\">\n\t\t\t\t<div class=\"elementor-widget-container\">\n\t\t\t<h2 class=\"elementor-heading-title elementor-size-default\">Ayuda econ\u00f3mica<\/h2>\t\t<\/div>\n\t\t\t\t<\/div>\n\t\t\t\t\t<\/div>\n\t\t<\/div>\n\t\t\t\t<div class=\"elementor-column elementor-col-66 elementor-top-column elementor-element elementor-element-82dfcc6\" data-id=\"82dfcc6\" data-element_type=\"column\">\n\t\t\t<div class=\"elementor-widget-wrap elementor-element-populated\">\n\t\t\t\t\t\t\t\t<div class=\"elementor-element elementor-element-9ff5931 elementor-widget elementor-widget-text-editor\" data-id=\"9ff5931\" data-element_type=\"widget\" data-widget_type=\"text-editor.default\">\n\t\t\t\t<div class=\"elementor-widget-container\">\n\t\t\t\t\t\t\t<p>Gracias al auspicio del Instituto Panamericano de Geograf\u00eda e Historia (IPGH) y la Asociaci\u00f3n Internacional de Geodesia (IAG), SIRGAS cuenta con un presupuesto modesto para apoyar la asistencia a la reuni\u00f3n de algunos expositores.<\/p><p>Dicho apoyo se distribuir\u00e1 en funci\u00f3n de los trabajos que se inscriban para ser presentados durante la reuni\u00f3n, previa aprobaci\u00f3n del Consejo Cient\u00edfico y del Comit\u00e9 Ejecutivo de SIRGAS.<\/p><p>Para la asignaci\u00f3n final del presupuesto disponible, ser\u00e1 indispensable que las entidades a las que pertenecen los beneficiarios asuman una partida complementaria (traslado, estad\u00eda o manutenci\u00f3n) para cubrir la totalidad de los gastos.<\/p><p>Las personas interesadas en solicitar este apoyo deber\u00e1n completar el <a href=\"https:\/\/docs.google.com\/forms\/d\/e\/1FAIpQLSdRcvOfIPzmHWX0e-EmhOs0LNTFkyDULgpJQxQa7n5Dc9hLvg\/viewform\"><strong>formulario para expositores<\/strong><\/a> antes del d\u00eda <strong>30 de junio de 2022, <\/strong>y<span style=\"font-size: 16px;\"> enviar los siguientes documentos en formato pdf a trav\u00e9s de formulario:<\/span><\/p><ul><li>Una nota dirigida al Comit\u00e9 Ejecutivo de SIRGAS indicando c\u00f3mo utilizar\u00e1 el financiamiento (es decir, traslado, estad\u00eda o manutenci\u00f3n) y mencionando el tipo de apoyo que recibir\u00e1 de su instituci\u00f3n (aclarar el pa\u00eds de residencia); y<\/li><li>Una nota de aval de la Instituci\u00f3n que representa.<\/li><\/ul>\t\t\t\t\t\t<\/div>\n\t\t\t\t<\/div>\n\t\t\t\t\t<\/div>\n\t\t<\/div>\n\t\t\t\t\t\t\t<\/div>\n\t\t<\/section>\n\t\t\t\t<section class=\"elementor-section elementor-top-section elementor-element elementor-element-030691a elementor-section-boxed elementor-section-height-default elementor-section-height-default\" data-id=\"030691a\" data-element_type=\"section\" data-settings=\"{&quot;background_background&quot;:&quot;classic&quot;}\">\n\t\t\t\t\t\t<div class=\"elementor-container elementor-column-gap-no\">\n\t\t\t\t\t<div class=\"elementor-column elementor-col-33 elementor-top-column elementor-element elementor-element-0931787\" data-id=\"0931787\" data-element_type=\"column\">\n\t\t\t<div class=\"elementor-widget-wrap elementor-element-populated\">\n\t\t\t\t\t\t\t\t<div class=\"elementor-element elementor-element-3873006 elementor-widget elementor-widget-heading\" data-id=\"3873006\" data-element_type=\"widget\" data-widget_type=\"heading.default\">\n\t\t\t\t<div class=\"elementor-widget-container\">\n\t\t\t<h2 class=\"elementor-heading-title elementor-size-default\">Taller Sistema de Referencia Vertical<\/h2>\t\t<\/div>\n\t\t\t\t<\/div>\n\t\t\t\t\t<\/div>\n\t\t<\/div>\n\t\t\t\t<div class=\"elementor-column elementor-col-66 elementor-top-column elementor-element elementor-element-3649500\" data-id=\"3649500\" data-element_type=\"column\">\n\t\t\t<div class=\"elementor-widget-wrap elementor-element-populated\">\n\t\t\t\t\t\t\t\t<div class=\"elementor-element elementor-element-fa023fe elementor-widget elementor-widget-text-editor\" data-id=\"fa023fe\" data-element_type=\"widget\" data-widget_type=\"text-editor.default\">\n\t\t\t\t<div class=\"elementor-widget-container\">\n\t\t\t\t\t\t\t<p><span style=\"font-weight: 400;\">Entre los d\u00edas <\/span><b>2 al 4 de noviembre de 2022<\/b><span style=\"font-weight: 400;\">, junto al Simposio SIRGAS 2022, tendr\u00e1 lugar el <\/span><b>Taller Sistema de Referencia Vertical<\/b><span style=\"font-weight: 400;\">. En esta ocasi\u00f3n, se desarrollar\u00e1n temas relacionados con la unificaci\u00f3n del datum vertical de los pa\u00edses miembros de SIRGAS, y se describir\u00e1n los lineamientos y acciones encaminadas para la materializaci\u00f3n del IHRS (<\/span><span style=\"font-weight: 400;\">International Height Reference System<\/span><span style=\"font-weight: 400;\">).\u00a0<\/span><\/p><p><span style=\"font-weight: 400;\">Este taller se enmarca en la Resoluci\u00f3n \u201c<\/span><span style=\"font-weight: 400;\">A Global Geodetic Reference Frame for Sustainable Development<\/span><span style=\"font-weight: 400;\">\u201d adoptada por la Asamblea General de las Naciones Unidas en el a\u00f1o 2015, que alientan a los Estados Americanos y a las organizaciones internacionales a que refuercen la cooperaci\u00f3n mundial para fomentar la capacidad en materia de geodesia, con el objeto de asegurar el desarrollo, la sostenibilidad y la promoci\u00f3n de un marco de referencia geod\u00e9sico regional.\u00a0<\/span><\/p><p><span style=\"font-weight: 400;\">El taller se llevar\u00e1 a cabo en las instalaciones del <\/span><b>Instituto Geogr\u00e1fico Militar de Chile<\/b><span style=\"font-weight: 400;\"> (Santiago de Chile), y ser\u00e1 dictado en idioma espa\u00f1ol por el Dr. Gabriel do Nascimento Guimar\u00e3es (Universidade Federal de Uberl\u00e2ndia).<\/span><\/p><p><span style=\"font-weight: 400;\">Los interesados a participar del curso deber\u00e1n completar el <strong><a href=\"https:\/\/forms.gle\/GjEYLy3YEhxGWYVb9\">formulario de inscripci\u00f3n<\/a><\/strong> antes del d\u00eda<\/span><b> 30 de junio de 2022<\/b>.<\/p>\t\t\t\t\t\t<\/div>\n\t\t\t\t<\/div>\n\t\t\t\t\t<\/div>\n\t\t<\/div>\n\t\t\t\t\t\t\t<\/div>\n\t\t<\/section>\n\t\t\t\t\t\t\t<\/div>\n\t\t","protected":false},"excerpt":{"rendered":"<p>Inscripci\u00f3n Inscripci\u00f3n al Simposio SIRGAS 2022 Asistentes Los interesados en asistir al evento deber\u00e1n registrarse a trav\u00e9s del formulario para asistentes antes del 30 de octubre de 2022. Luego deber\u00e1n realizar el pago de inscripci\u00f3n correspondiente, considerando las modalidades de pago anticipado que se indican en el formulario. Finalmente, se debe enviar un correo electr\u00f3nico [&hellip;]<\/p>\n","protected":false},"author":1,"featured_media":0,"parent":0,"menu_order":0,"comment_status":"closed","ping_status":"closed","template":"","meta":{"site-sidebar-layout":"no-sidebar","site-content-layout":"page-builder","ast-site-content-layout":"","site-content-style":"default","site-sidebar-style":"default","ast-global-header-display":"","ast-banner-title-visibility":"","ast-main-header-display":"","ast-hfb-above-header-display":"","ast-hfb-below-header-display":"","ast-hfb-mobile-header-display":"","site-post-title":"disabled","ast-breadcrumbs-content":"disabled","ast-featured-img":"disabled","footer-sml-layout":"","theme-transparent-header-meta":"enabled","adv-header-id-meta":"","stick-header-meta":"","header-above-stick-meta":"","header-main-stick-meta":"","header-below-stick-meta":"","astra-migrate-meta-layouts":"default","ast-page-background-enabled":"default","ast-page-background-meta":{"desktop":{"background-color":"","background-image":"","background-repeat":"repeat","background-position":"center center","background-size":"auto","background-attachment":"scroll","background-type":"","background-media":"","overlay-type":"","overlay-color":"","overlay-opacity":"","overlay-gradient":""},"tablet":{"background-color":"","background-image":"","background-repeat":"repeat","background-position":"center center","background-size":"auto","background-attachment":"scroll","background-type":"","background-media":"","overlay-type":"","overlay-color":"","overlay-opacity":"","overlay-gradient":""},"mobile":{"background-color":"","background-image":"","background-repeat":"repeat","background-position":"center center","background-size":"auto","background-attachment":"scroll","background-type":"","background-media":"","overlay-type":"","overlay-color":"","overlay-opacity":"","overlay-gradient":""}},"ast-content-background-meta":{"desktop":{"background-color":"var(--ast-global-color-5)","background-image":"","background-repeat":"repeat","background-position":"center center","background-size":"auto","background-attachment":"scroll","background-type":"","background-media":"","overlay-type":"","overlay-color":"","overlay-opacity":"","overlay-gradient":""},"tablet":{"background-color":"var(--ast-global-color-5)","background-image":"","background-repeat":"repeat","background-position":"center center","background-size":"auto","background-attachment":"scroll","background-type":"","background-media":"","overlay-type":"","overlay-color":"","overlay-opacity":"","overlay-gradient":""},"mobile":{"background-color":"var(--ast-global-color-5)","background-image":"","background-repeat":"repeat","background-position":"center center","background-size":"auto","background-attachment":"scroll","background-type":"","background-media":"","overlay-type":"","overlay-color":"","overlay-opacity":"","overlay-gradient":""}},"footnotes":""},"_links":{"self":[{"href":"https:\/\/sirgas.ipgh.org\/simposio\/wp-json\/wp\/v2\/pages\/850"}],"collection":[{"href":"https:\/\/sirgas.ipgh.org\/simposio\/wp-json\/wp\/v2\/pages"}],"about":[{"href":"https:\/\/sirgas.ipgh.org\/simposio\/wp-json\/wp\/v2\/types\/page"}],"author":[{"embeddable":true,"href":"https:\/\/sirgas.ipgh.org\/simposio\/wp-json\/wp\/v2\/users\/1"}],"replies":[{"embeddable":true,"href":"https:\/\/sirgas.ipgh.org\/simposio\/wp-json\/wp\/v2\/comments?post=850"}],"version-history":[{"count":79,"href":"https:\/\/sirgas.ipgh.org\/simposio\/wp-json\/wp\/v2\/pages\/850\/revisions"}],"predecessor-version":[{"id":1725,"href":"https:\/\/sirgas.ipgh.org\/simposio\/wp-json\/wp\/v2\/pages\/850\/revisions\/1725"}],"wp:attachment":[{"href":"https:\/\/sirgas.ipgh.org\/simposio\/wp-json\/wp\/v2\/media?parent=850"}],"curies":[{"name":"wp","href":"https:\/\/api.w.org\/{rel}","templated":true}]}}