{"id":1158,"date":"2022-03-03T20:47:18","date_gmt":"2022-03-03T20:47:18","guid":{"rendered":"https:\/\/sirgas.ipgh.org\/simposio\/?page_id=1158"},"modified":"2022-08-30T11:58:18","modified_gmt":"2022-08-30T11:58:18","slug":"inscricao","status":"publish","type":"page","link":"https:\/\/sirgas.ipgh.org\/simposio\/pt\/inscricao\/","title":{"rendered":"INSCRI\u00c7\u00c3O"},"content":{"rendered":"\t\t<div data-elementor-type=\"wp-page\" data-elementor-id=\"1158\" class=\"elementor elementor-1158\">\n\t\t\t\t\t\t\t\t\t<section class=\"elementor-section elementor-top-section elementor-element elementor-element-6ff2ff7 elementor-section-boxed elementor-section-height-default elementor-section-height-default\" data-id=\"6ff2ff7\" data-element_type=\"section\" data-settings=\"{&quot;background_background&quot;:&quot;classic&quot;}\">\n\t\t\t\t\t\t\t<div class=\"elementor-background-overlay\"><\/div>\n\t\t\t\t\t\t\t<div class=\"elementor-container elementor-column-gap-no\">\n\t\t\t\t\t<div class=\"elementor-column elementor-col-100 elementor-top-column elementor-element elementor-element-d4acc06\" data-id=\"d4acc06\" data-element_type=\"column\">\n\t\t\t<div class=\"elementor-widget-wrap elementor-element-populated\">\n\t\t\t\t\t\t\t\t<div class=\"elementor-element elementor-element-46cdfba elementor-widget elementor-widget-spacer\" data-id=\"46cdfba\" data-element_type=\"widget\" data-widget_type=\"spacer.default\">\n\t\t\t\t<div class=\"elementor-widget-container\">\n\t\t\t<style>\/*! elementor - v3.11.5 - 14-03-2023 *\/\n.elementor-column .elementor-spacer-inner{height:var(--spacer-size)}.e-con{--container-widget-width:100%}.e-con-inner>.elementor-widget-spacer,.e-con>.elementor-widget-spacer{width:var(--container-widget-width,var(--spacer-size));--align-self:var(--container-widget-align-self,initial);--flex-shrink:0}.e-con-inner>.elementor-widget-spacer>.elementor-widget-container,.e-con-inner>.elementor-widget-spacer>.elementor-widget-container>.elementor-spacer,.e-con>.elementor-widget-spacer>.elementor-widget-container,.e-con>.elementor-widget-spacer>.elementor-widget-container>.elementor-spacer{height:100%}.e-con-inner>.elementor-widget-spacer>.elementor-widget-container>.elementor-spacer>.elementor-spacer-inner,.e-con>.elementor-widget-spacer>.elementor-widget-container>.elementor-spacer>.elementor-spacer-inner{height:var(--container-widget-height,var(--spacer-size))}<\/style>\t\t<div class=\"elementor-spacer\">\n\t\t\t<div class=\"elementor-spacer-inner\"><\/div>\n\t\t<\/div>\n\t\t\t\t<\/div>\n\t\t\t\t<\/div>\n\t\t\t\t<div class=\"elementor-element elementor-element-bee4950 elementor-widget elementor-widget-heading\" data-id=\"bee4950\" data-element_type=\"widget\" data-widget_type=\"heading.default\">\n\t\t\t\t<div class=\"elementor-widget-container\">\n\t\t\t<style>\/*! elementor - v3.11.5 - 14-03-2023 *\/\n.elementor-heading-title{padding:0;margin:0;line-height:1}.elementor-widget-heading .elementor-heading-title[class*=elementor-size-]>a{color:inherit;font-size:inherit;line-height:inherit}.elementor-widget-heading .elementor-heading-title.elementor-size-small{font-size:15px}.elementor-widget-heading .elementor-heading-title.elementor-size-medium{font-size:19px}.elementor-widget-heading .elementor-heading-title.elementor-size-large{font-size:29px}.elementor-widget-heading .elementor-heading-title.elementor-size-xl{font-size:39px}.elementor-widget-heading .elementor-heading-title.elementor-size-xxl{font-size:59px}<\/style><h1 class=\"elementor-heading-title elementor-size-default\">Inscri\u00e7\u00e3o<\/h1>\t\t<\/div>\n\t\t\t\t<\/div>\n\t\t\t\t<div class=\"elementor-element elementor-element-361f8f0 elementor-widget elementor-widget-spacer\" data-id=\"361f8f0\" data-element_type=\"widget\" data-widget_type=\"spacer.default\">\n\t\t\t\t<div class=\"elementor-widget-container\">\n\t\t\t\t\t<div class=\"elementor-spacer\">\n\t\t\t<div class=\"elementor-spacer-inner\"><\/div>\n\t\t<\/div>\n\t\t\t\t<\/div>\n\t\t\t\t<\/div>\n\t\t\t\t\t<\/div>\n\t\t<\/div>\n\t\t\t\t\t\t\t<\/div>\n\t\t<\/section>\n\t\t\t\t<section class=\"elementor-section elementor-top-section elementor-element elementor-element-dbdf9ac elementor-section-content-middle elementor-section-boxed elementor-section-height-default elementor-section-height-default\" data-id=\"dbdf9ac\" data-element_type=\"section\">\n\t\t\t\t\t\t<div class=\"elementor-container elementor-column-gap-no\">\n\t\t\t\t\t<div class=\"elementor-column elementor-col-100 elementor-top-column elementor-element elementor-element-105f188\" data-id=\"105f188\" data-element_type=\"column\">\n\t\t\t<div class=\"elementor-widget-wrap elementor-element-populated\">\n\t\t\t\t\t\t\t\t<div class=\"elementor-element elementor-element-4918b41 elementor-widget elementor-widget-text-editor\" data-id=\"4918b41\" data-element_type=\"widget\" data-widget_type=\"text-editor.default\">\n\t\t\t\t<div class=\"elementor-widget-container\">\n\t\t\t<style>\/*! elementor - v3.11.5 - 14-03-2023 *\/\n.elementor-widget-text-editor.elementor-drop-cap-view-stacked .elementor-drop-cap{background-color:#818a91;color:#fff}.elementor-widget-text-editor.elementor-drop-cap-view-framed .elementor-drop-cap{color:#818a91;border:3px solid;background-color:transparent}.elementor-widget-text-editor:not(.elementor-drop-cap-view-default) .elementor-drop-cap{margin-top:8px}.elementor-widget-text-editor:not(.elementor-drop-cap-view-default) .elementor-drop-cap-letter{width:1em;height:1em}.elementor-widget-text-editor .elementor-drop-cap{float:left;text-align:center;line-height:1;font-size:50px}.elementor-widget-text-editor .elementor-drop-cap-letter{display:inline-block}<\/style>\t\t\t\t<h2>Inscri\u00e7\u00f5es para o Simp\u00f3sio SIRGAS 2022<\/h2>\t\t\t\t\t\t<\/div>\n\t\t\t\t<\/div>\n\t\t\t\t\t<\/div>\n\t\t<\/div>\n\t\t\t\t\t\t\t<\/div>\n\t\t<\/section>\n\t\t\t\t<section class=\"elementor-section elementor-top-section elementor-element elementor-element-a26176a elementor-section-boxed elementor-section-height-default elementor-section-height-default\" data-id=\"a26176a\" data-element_type=\"section\">\n\t\t\t\t\t\t<div class=\"elementor-container elementor-column-gap-no\">\n\t\t\t\t\t<div class=\"elementor-column elementor-col-33 elementor-top-column elementor-element elementor-element-c927f23\" data-id=\"c927f23\" data-element_type=\"column\">\n\t\t\t<div class=\"elementor-widget-wrap elementor-element-populated\">\n\t\t\t\t\t\t\t\t<div class=\"elementor-element elementor-element-bf8264c elementor-widget elementor-widget-heading\" data-id=\"bf8264c\" data-element_type=\"widget\" data-widget_type=\"heading.default\">\n\t\t\t\t<div class=\"elementor-widget-container\">\n\t\t\t<h2 class=\"elementor-heading-title elementor-size-default\">Participantes<\/h2>\t\t<\/div>\n\t\t\t\t<\/div>\n\t\t\t\t\t<\/div>\n\t\t<\/div>\n\t\t\t\t<div class=\"elementor-column elementor-col-66 elementor-top-column elementor-element elementor-element-61ca281\" data-id=\"61ca281\" data-element_type=\"column\">\n\t\t\t<div class=\"elementor-widget-wrap elementor-element-populated\">\n\t\t\t\t\t\t\t\t<div class=\"elementor-element elementor-element-338057a elementor-widget elementor-widget-text-editor\" data-id=\"338057a\" data-element_type=\"widget\" data-widget_type=\"text-editor.default\">\n\t\t\t\t<div class=\"elementor-widget-container\">\n\t\t\t\t\t\t\t<p><span style=\"font-weight: 400;\">Os interessados em participar do evento dever\u00e3o se inscrever por meio do <a href=\"https:\/\/www.igm.cl\/?page=inscripcion-asistentes\"><strong>formul\u00e1rio para participantes<\/strong><\/a><\/span><span style=\"font-weight: 400;\">\u00a0at\u00e9 o dia <\/span><b>30 de outubro de 2022<\/b><span style=\"font-weight: 400;\">.\u00a0<\/span><\/p><p>Em seguida, devem efetuar o pagamento da inscri\u00e7\u00e3o correspondente, considerando as formas de pagamento antecipado indicadas no formul\u00e1rio.<\/p><p>Por fim, deve ser enviado um e-mail anexando c\u00f3pia do comprovante de transfer\u00eancia banc\u00e1ria ou cart\u00e3o de cr\u00e9dito, em formato pdf ou jpg para <strong><a href=\"mailto:sirgas2022@igm.cl\">sirgas2022@igm.cl<\/a><\/strong>, indicando no assunto \u00abComprovante de pagamento do simp\u00f3sio &#8211; sobrenome\u00bb.<\/p><p>\u00a0<\/p><table><tbody><tr><td width=\"258\"><p>\u00a0<\/p><\/td><td width=\"88\"><p><strong>05\/08 a 31\/08<\/strong><\/p><\/td><td width=\"84\"><p><strong>01\/09 a 01\/11<\/strong><\/p><\/td><td width=\"90\"><p><strong>Durante o evento<\/strong><\/p><\/td><\/tr><tr><td width=\"258\"><p><strong>General<\/strong><\/p><\/td><td width=\"88\"><p>$50 USD<\/p><\/td><td width=\"84\"><p>$60 USD<\/p><\/td><td width=\"90\"><p>$70 USD<\/p><\/td><\/tr><tr><td width=\"258\"><p><strong>Miembros IPGH, IAG e IGM<\/strong><\/p><\/td><td width=\"88\"><p>$30 USD<\/p><\/td><td width=\"84\"><p>$40 USD<\/p><\/td><td width=\"90\"><p>$50 USD<\/p><\/td><\/tr><tr><td width=\"258\"><p><strong>Estudantes<\/strong><\/p><\/td><td width=\"88\"><p>$15 USD<\/p><\/td><td width=\"84\"><p>$15 USD<\/p><\/td><td width=\"90\"><p>$20 USD<\/p><\/td><\/tr><\/tbody><\/table><p>\u00a0<\/p>\t\t\t\t\t\t<\/div>\n\t\t\t\t<\/div>\n\t\t\t\t\t<\/div>\n\t\t<\/div>\n\t\t\t\t\t\t\t<\/div>\n\t\t<\/section>\n\t\t\t\t<section class=\"elementor-section elementor-top-section elementor-element elementor-element-b480855 elementor-section-boxed elementor-section-height-default elementor-section-height-default\" data-id=\"b480855\" data-element_type=\"section\" data-settings=\"{&quot;background_background&quot;:&quot;classic&quot;}\">\n\t\t\t\t\t\t<div class=\"elementor-container elementor-column-gap-no\">\n\t\t\t\t\t<div class=\"elementor-column elementor-col-33 elementor-top-column elementor-element elementor-element-0ba0de3\" data-id=\"0ba0de3\" data-element_type=\"column\">\n\t\t\t<div class=\"elementor-widget-wrap elementor-element-populated\">\n\t\t\t\t\t\t\t\t<div class=\"elementor-element elementor-element-2a70872 elementor-widget elementor-widget-heading\" data-id=\"2a70872\" data-element_type=\"widget\" data-widget_type=\"heading.default\">\n\t\t\t\t<div class=\"elementor-widget-container\">\n\t\t\t<h2 class=\"elementor-heading-title elementor-size-default\">Apresentadores<\/h2>\t\t<\/div>\n\t\t\t\t<\/div>\n\t\t\t\t\t<\/div>\n\t\t<\/div>\n\t\t\t\t<div class=\"elementor-column elementor-col-66 elementor-top-column elementor-element elementor-element-f658b3a\" data-id=\"f658b3a\" data-element_type=\"column\">\n\t\t\t<div class=\"elementor-widget-wrap elementor-element-populated\">\n\t\t\t\t\t\t\t\t<div class=\"elementor-element elementor-element-f1a89e5 elementor-widget elementor-widget-text-editor\" data-id=\"f1a89e5\" data-element_type=\"widget\" data-widget_type=\"text-editor.default\">\n\t\t\t\t<div class=\"elementor-widget-container\">\n\t\t\t\t\t\t\t<p>Os interessados em apresentarem trabalhos <span style=\"font-weight: 400;\">dever\u00e3o enviar um resumo de at\u00e9 2000 caracteres por meio do <a href=\"https:\/\/docs.google.com\/forms\/d\/e\/1FAIpQLSdRcvOfIPzmHWX0e-EmhOs0LNTFkyDULgpJQxQa7n5Dc9hLvg\/viewform\"><strong>formul\u00e1rio para expositores<\/strong><\/a><\/span><span style=\"font-weight: 400;\">&nbsp;at\u00e9 <\/span><b>15 de setembro&nbsp;de 2022<\/b><span style=\"font-weight: 400;\">. A submiss\u00e3o dever\u00e1 estar enquadrada nos eixos tem\u00e1ticos do programa do evento e o resumo ser\u00e1 avaliado pelo Comit\u00ea Cient\u00edfico e Comit\u00ea Executivo do SIRGAS. As modalidades de apresenta\u00e7\u00e3o s\u00e3o as seguintes:&nbsp;<\/span><\/p>\n<p>Oral<span style=\"font-weight: 400;\">: apresenta\u00e7\u00f5es orais de 15 minutos de dura\u00e7\u00e3o; e<\/span><\/p>\n<p>P\u00f4steres<span style=\"font-weight: 400;\">: p\u00f4steres em formato pdf que estar\u00e3o dispon\u00edveis para download e dever\u00e3o ser apresentados oralmente em 3 minutos.<\/span><\/p>\t\t\t\t\t\t<\/div>\n\t\t\t\t<\/div>\n\t\t\t\t\t<\/div>\n\t\t<\/div>\n\t\t\t\t\t\t\t<\/div>\n\t\t<\/section>\n\t\t\t\t<section class=\"elementor-section elementor-top-section elementor-element elementor-element-79cc925 elementor-section-boxed elementor-section-height-default elementor-section-height-default\" data-id=\"79cc925\" data-element_type=\"section\">\n\t\t\t\t\t\t<div class=\"elementor-container elementor-column-gap-no\">\n\t\t\t\t\t<div class=\"elementor-column elementor-col-33 elementor-top-column elementor-element elementor-element-54f61d1\" data-id=\"54f61d1\" data-element_type=\"column\">\n\t\t\t<div class=\"elementor-widget-wrap elementor-element-populated\">\n\t\t\t\t\t\t\t\t<div class=\"elementor-element elementor-element-e29aed9 elementor-widget elementor-widget-heading\" data-id=\"e29aed9\" data-element_type=\"widget\" data-widget_type=\"heading.default\">\n\t\t\t\t<div class=\"elementor-widget-container\">\n\t\t\t<h2 class=\"elementor-heading-title elementor-size-default\">Ajuda financeira<\/h2>\t\t<\/div>\n\t\t\t\t<\/div>\n\t\t\t\t\t<\/div>\n\t\t<\/div>\n\t\t\t\t<div class=\"elementor-column elementor-col-66 elementor-top-column elementor-element elementor-element-82dfcc6\" data-id=\"82dfcc6\" data-element_type=\"column\">\n\t\t\t<div class=\"elementor-widget-wrap elementor-element-populated\">\n\t\t\t\t\t\t\t\t<div class=\"elementor-element elementor-element-9ff5931 elementor-widget elementor-widget-text-editor\" data-id=\"9ff5931\" data-element_type=\"widget\" data-widget_type=\"text-editor.default\">\n\t\t\t\t<div class=\"elementor-widget-container\">\n\t\t\t\t\t\t\t<p>Gra\u00e7as ao patroc\u00ednio do Instituto Panamericano de Geografia e Hist\u00f3ria (IPGH) e da Associa\u00e7\u00e3o Internacional de Geod\u00e9sia (IAG), o SIRGAS conta um or\u00e7amento modesto para custear a presen\u00e7a no evento de alguns apresentadores.<\/p><p><span style=\"font-weight: 400;\">O apoio financeiro ser\u00e1 distribu\u00eddo de acordo com os trabalhos inscritos para apresenta\u00e7\u00e3o mediante aprova\u00e7\u00e3o do Conselhos Cient\u00edfico e do Comit\u00ea Executivo do SIRGAS.<\/span><\/p><p><span style=\"font-weight: 400;\">\u00c9 fundamental que as institui\u00e7\u00f5es que pertencem os benefici\u00e1rios arquem com uma parte complementar das despesas (deslocamento, hospedagem ou manuten\u00e7\u00e3o) para cobrir a totalidade dos gastos.<\/span><\/p><p><span style=\"font-weight: 400;\">Os interessados em solicitar este apoio financeiro dever\u00e3o preencher o <a href=\"https:\/\/docs.google.com\/forms\/d\/e\/1FAIpQLSdRcvOfIPzmHWX0e-EmhOs0LNTFkyDULgpJQxQa7n5Dc9hLvg\/viewform\"><strong>formul\u00e1rio para expositores<\/strong><\/a><\/span><span style=\"font-weight: 400;\">\u00a0at\u00e9 <\/span><b>31 de junho de 2022<\/b>\u00a0e enviar os seguintes documentos em formato pdf atrav\u00e9s do formul\u00e1rio:<\/p><ul><li>Uma nota dirigida \u00e0 Comiss\u00e3o Executiva do SIRGAS indicando como ir\u00e1 utilizar o financiamento (ou seja, transfer\u00eancia, perman\u00eancia ou manuten\u00e7\u00e3o) e mencionando o tipo de apoios que ir\u00e1 receber da sua institui\u00e7\u00e3o (esclarecer o pa\u00eds de resid\u00eancia); e<\/li><li>Uma nota de endosso da institui\u00e7\u00e3o que voc\u00ea representa.<\/li><\/ul>\t\t\t\t\t\t<\/div>\n\t\t\t\t<\/div>\n\t\t\t\t\t<\/div>\n\t\t<\/div>\n\t\t\t\t\t\t\t<\/div>\n\t\t<\/section>\n\t\t\t\t<section class=\"elementor-section elementor-top-section elementor-element elementor-element-e2c0970 elementor-section-boxed elementor-section-height-default elementor-section-height-default\" data-id=\"e2c0970\" data-element_type=\"section\" data-settings=\"{&quot;background_background&quot;:&quot;classic&quot;}\">\n\t\t\t\t\t\t<div class=\"elementor-container elementor-column-gap-no\">\n\t\t\t\t\t<div class=\"elementor-column elementor-col-33 elementor-top-column elementor-element elementor-element-74ae0b4\" data-id=\"74ae0b4\" data-element_type=\"column\">\n\t\t\t<div class=\"elementor-widget-wrap elementor-element-populated\">\n\t\t\t\t\t\t\t\t<div class=\"elementor-element elementor-element-fd6030d elementor-widget elementor-widget-heading\" data-id=\"fd6030d\" data-element_type=\"widget\" data-widget_type=\"heading.default\">\n\t\t\t\t<div class=\"elementor-widget-container\">\n\t\t\t<h2 class=\"elementor-heading-title elementor-size-default\">Workshop de Sistema de Refer\u00eancia Vertical<\/h2>\t\t<\/div>\n\t\t\t\t<\/div>\n\t\t\t\t\t<\/div>\n\t\t<\/div>\n\t\t\t\t<div class=\"elementor-column elementor-col-66 elementor-top-column elementor-element elementor-element-9e27ba2\" data-id=\"9e27ba2\" data-element_type=\"column\">\n\t\t\t<div class=\"elementor-widget-wrap elementor-element-populated\">\n\t\t\t\t\t\t\t\t<div class=\"elementor-element elementor-element-a5e9718 elementor-widget elementor-widget-text-editor\" data-id=\"a5e9718\" data-element_type=\"widget\" data-widget_type=\"text-editor.default\">\n\t\t\t\t<div class=\"elementor-widget-container\">\n\t\t\t\t\t\t\t<p><span style=\"font-weight: 400;\">Entre os dias <\/span><b>2 e 4 de novembro de 2022<\/b><span style=\"font-weight: 400;\">, juntamente com o Simp\u00f3sio SIRGAS 2022, acontecer\u00e1 o <\/span><b>Workshop de Sistema de Refer\u00eancia Vertical<\/b><span style=\"font-weight: 400;\">. Nesta ocasi\u00e3o, ser\u00e3o desenvolvidos temas relacionados \u00e0 unifica\u00e7\u00e3o dos referenciais verticais dos pa\u00edses membros do SIRGAS, al\u00e9m de diretrizes e a\u00e7\u00f5es voltadas para a materializa\u00e7\u00e3o do IHRS (<\/span><span style=\"font-weight: 400;\">International Height Reference System<\/span><span style=\"font-weight: 400;\">).<\/span><\/p><p><span style=\"font-weight: 400;\">Este workshop se enquadra na Resolu\u00e7\u00e3o \u00ab<\/span><span style=\"font-weight: 400;\">A Global Geodetic Reference Frame for Sustainable Development<\/span><span style=\"font-weight: 400;\">\u00bb adotada pela Assembleia Geral das Na\u00e7\u00f5es Unidas em 2015, que incentiva os Pa\u00edses Americanos e as organiza\u00e7\u00f5es internacionais a fortalecer a coopera\u00e7\u00e3o mundial para incentivar capacita\u00e7\u00f5es no \u00e2mbito da geod\u00e9sia, com o objetivo de assegurar o desenvolvimento, a sustentabilidade e a promo\u00e7\u00e3o de um referencial geod\u00e9sico regional.<\/span><\/p><p><span style=\"font-weight: 400;\">O workshop ser\u00e1 realizado nas instala\u00e7\u00f5es do<\/span><b> Instituto Geogr\u00e1fico Militar do Chile<\/b><span style=\"font-weight: 400;\"> (Santiago, Chile), e ser\u00e1 ministrado em espanhol pelo Dr. Gabriel do Nascimento Guimar\u00e3es (Universidade Federal de Uberl\u00e2ndia).<\/span><\/p><p><span style=\"font-weight: 400;\">Os interessados \u200b\u200bem participar do curso devem preencher o <strong><a href=\"https:\/\/forms.gle\/GjEYLy3YEhxGWYVb9\">formul\u00e1rio de pr\u00e9-inscri\u00e7\u00e3o<\/a><\/strong> at\u00e9 <\/span><b>30 de junho de 2022<\/b>.<\/p>\t\t\t\t\t\t<\/div>\n\t\t\t\t<\/div>\n\t\t\t\t\t<\/div>\n\t\t<\/div>\n\t\t\t\t\t\t\t<\/div>\n\t\t<\/section>\n\t\t\t\t\t\t\t<\/div>\n\t\t","protected":false},"excerpt":{"rendered":"<p>Inscri\u00e7\u00e3o Inscri\u00e7\u00f5es para o Simp\u00f3sio SIRGAS 2022 Participantes Os interessados em participar do evento dever\u00e3o se inscrever por meio do formul\u00e1rio para participantes\u00a0at\u00e9 o dia 30 de outubro de 2022.\u00a0 Em seguida, devem efetuar o pagamento da inscri\u00e7\u00e3o correspondente, considerando as formas de pagamento antecipado indicadas no formul\u00e1rio. Por fim, deve ser enviado um e-mail [&hellip;]<\/p>\n","protected":false},"author":1,"featured_media":0,"parent":0,"menu_order":0,"comment_status":"closed","ping_status":"closed","template":"","meta":{"site-sidebar-layout":"no-sidebar","site-content-layout":"page-builder","ast-site-content-layout":"","site-content-style":"default","site-sidebar-style":"default","ast-global-header-display":"","ast-banner-title-visibility":"","ast-main-header-display":"","ast-hfb-above-header-display":"","ast-hfb-below-header-display":"","ast-hfb-mobile-header-display":"","site-post-title":"disabled","ast-breadcrumbs-content":"disabled","ast-featured-img":"disabled","footer-sml-layout":"","theme-transparent-header-meta":"enabled","adv-header-id-meta":"","stick-header-meta":"","header-above-stick-meta":"","header-main-stick-meta":"","header-below-stick-meta":"","astra-migrate-meta-layouts":"default","ast-page-background-enabled":"default","ast-page-background-meta":{"desktop":{"background-color":"","background-image":"","background-repeat":"repeat","background-position":"center center","background-size":"auto","background-attachment":"scroll","background-type":"","background-media":"","overlay-type":"","overlay-color":"","overlay-opacity":"","overlay-gradient":""},"tablet":{"background-color":"","background-image":"","background-repeat":"repeat","background-position":"center center","background-size":"auto","background-attachment":"scroll","background-type":"","background-media":"","overlay-type":"","overlay-color":"","overlay-opacity":"","overlay-gradient":""},"mobile":{"background-color":"","background-image":"","background-repeat":"repeat","background-position":"center center","background-size":"auto","background-attachment":"scroll","background-type":"","background-media":"","overlay-type":"","overlay-color":"","overlay-opacity":"","overlay-gradient":""}},"ast-content-background-meta":{"desktop":{"background-color":"var(--ast-global-color-5)","background-image":"","background-repeat":"repeat","background-position":"center center","background-size":"auto","background-attachment":"scroll","background-type":"","background-media":"","overlay-type":"","overlay-color":"","overlay-opacity":"","overlay-gradient":""},"tablet":{"background-color":"var(--ast-global-color-5)","background-image":"","background-repeat":"repeat","background-position":"center center","background-size":"auto","background-attachment":"scroll","background-type":"","background-media":"","overlay-type":"","overlay-color":"","overlay-opacity":"","overlay-gradient":""},"mobile":{"background-color":"var(--ast-global-color-5)","background-image":"","background-repeat":"repeat","background-position":"center center","background-size":"auto","background-attachment":"scroll","background-type":"","background-media":"","overlay-type":"","overlay-color":"","overlay-opacity":"","overlay-gradient":""}},"footnotes":""},"_links":{"self":[{"href":"https:\/\/sirgas.ipgh.org\/simposio\/wp-json\/wp\/v2\/pages\/1158"}],"collection":[{"href":"https:\/\/sirgas.ipgh.org\/simposio\/wp-json\/wp\/v2\/pages"}],"about":[{"href":"https:\/\/sirgas.ipgh.org\/simposio\/wp-json\/wp\/v2\/types\/page"}],"author":[{"embeddable":true,"href":"https:\/\/sirgas.ipgh.org\/simposio\/wp-json\/wp\/v2\/users\/1"}],"replies":[{"embeddable":true,"href":"https:\/\/sirgas.ipgh.org\/simposio\/wp-json\/wp\/v2\/comments?post=1158"}],"version-history":[{"count":61,"href":"https:\/\/sirgas.ipgh.org\/simposio\/wp-json\/wp\/v2\/pages\/1158\/revisions"}],"predecessor-version":[{"id":1731,"href":"https:\/\/sirgas.ipgh.org\/simposio\/wp-json\/wp\/v2\/pages\/1158\/revisions\/1731"}],"wp:attachment":[{"href":"https:\/\/sirgas.ipgh.org\/simposio\/wp-json\/wp\/v2\/media?parent=1158"}],"curies":[{"name":"wp","href":"https:\/\/api.w.org\/{rel}","templated":true}]}}