{"id":1148,"date":"2022-03-03T20:46:24","date_gmt":"2022-03-03T20:46:24","guid":{"rendered":"https:\/\/sirgas.ipgh.org\/simposio\/?page_id=1148"},"modified":"2022-08-30T11:57:24","modified_gmt":"2022-08-30T11:57:24","slug":"inscription","status":"publish","type":"page","link":"https:\/\/sirgas.ipgh.org\/simposio\/en\/inscription\/","title":{"rendered":"REGISTRATION"},"content":{"rendered":"\t\t<div data-elementor-type=\"wp-page\" data-elementor-id=\"1148\" class=\"elementor elementor-1148\">\n\t\t\t\t\t\t\t\t\t<section class=\"elementor-section elementor-top-section elementor-element elementor-element-6ff2ff7 elementor-section-boxed elementor-section-height-default elementor-section-height-default\" data-id=\"6ff2ff7\" data-element_type=\"section\" data-settings=\"{&quot;background_background&quot;:&quot;classic&quot;}\">\n\t\t\t\t\t\t\t<div class=\"elementor-background-overlay\"><\/div>\n\t\t\t\t\t\t\t<div class=\"elementor-container elementor-column-gap-no\">\n\t\t\t\t\t<div class=\"elementor-column elementor-col-100 elementor-top-column elementor-element elementor-element-d4acc06\" data-id=\"d4acc06\" data-element_type=\"column\">\n\t\t\t<div class=\"elementor-widget-wrap elementor-element-populated\">\n\t\t\t\t\t\t\t\t<div class=\"elementor-element elementor-element-46cdfba elementor-widget elementor-widget-spacer\" data-id=\"46cdfba\" data-element_type=\"widget\" data-widget_type=\"spacer.default\">\n\t\t\t\t<div class=\"elementor-widget-container\">\n\t\t\t<style>\/*! elementor - v3.11.5 - 14-03-2023 *\/\n.elementor-column .elementor-spacer-inner{height:var(--spacer-size)}.e-con{--container-widget-width:100%}.e-con-inner>.elementor-widget-spacer,.e-con>.elementor-widget-spacer{width:var(--container-widget-width,var(--spacer-size));--align-self:var(--container-widget-align-self,initial);--flex-shrink:0}.e-con-inner>.elementor-widget-spacer>.elementor-widget-container,.e-con-inner>.elementor-widget-spacer>.elementor-widget-container>.elementor-spacer,.e-con>.elementor-widget-spacer>.elementor-widget-container,.e-con>.elementor-widget-spacer>.elementor-widget-container>.elementor-spacer{height:100%}.e-con-inner>.elementor-widget-spacer>.elementor-widget-container>.elementor-spacer>.elementor-spacer-inner,.e-con>.elementor-widget-spacer>.elementor-widget-container>.elementor-spacer>.elementor-spacer-inner{height:var(--container-widget-height,var(--spacer-size))}<\/style>\t\t<div class=\"elementor-spacer\">\n\t\t\t<div class=\"elementor-spacer-inner\"><\/div>\n\t\t<\/div>\n\t\t\t\t<\/div>\n\t\t\t\t<\/div>\n\t\t\t\t<div class=\"elementor-element elementor-element-bee4950 elementor-widget elementor-widget-heading\" data-id=\"bee4950\" data-element_type=\"widget\" data-widget_type=\"heading.default\">\n\t\t\t\t<div class=\"elementor-widget-container\">\n\t\t\t<style>\/*! elementor - v3.11.5 - 14-03-2023 *\/\n.elementor-heading-title{padding:0;margin:0;line-height:1}.elementor-widget-heading .elementor-heading-title[class*=elementor-size-]>a{color:inherit;font-size:inherit;line-height:inherit}.elementor-widget-heading .elementor-heading-title.elementor-size-small{font-size:15px}.elementor-widget-heading .elementor-heading-title.elementor-size-medium{font-size:19px}.elementor-widget-heading .elementor-heading-title.elementor-size-large{font-size:29px}.elementor-widget-heading .elementor-heading-title.elementor-size-xl{font-size:39px}.elementor-widget-heading .elementor-heading-title.elementor-size-xxl{font-size:59px}<\/style><h1 class=\"elementor-heading-title elementor-size-default\">Registration<\/h1>\t\t<\/div>\n\t\t\t\t<\/div>\n\t\t\t\t<div class=\"elementor-element elementor-element-361f8f0 elementor-widget elementor-widget-spacer\" data-id=\"361f8f0\" data-element_type=\"widget\" data-widget_type=\"spacer.default\">\n\t\t\t\t<div class=\"elementor-widget-container\">\n\t\t\t\t\t<div class=\"elementor-spacer\">\n\t\t\t<div class=\"elementor-spacer-inner\"><\/div>\n\t\t<\/div>\n\t\t\t\t<\/div>\n\t\t\t\t<\/div>\n\t\t\t\t\t<\/div>\n\t\t<\/div>\n\t\t\t\t\t\t\t<\/div>\n\t\t<\/section>\n\t\t\t\t<section class=\"elementor-section elementor-top-section elementor-element elementor-element-dbdf9ac elementor-section-content-middle elementor-section-boxed elementor-section-height-default elementor-section-height-default\" data-id=\"dbdf9ac\" data-element_type=\"section\">\n\t\t\t\t\t\t<div class=\"elementor-container elementor-column-gap-no\">\n\t\t\t\t\t<div class=\"elementor-column elementor-col-100 elementor-top-column elementor-element elementor-element-105f188\" data-id=\"105f188\" data-element_type=\"column\">\n\t\t\t<div class=\"elementor-widget-wrap elementor-element-populated\">\n\t\t\t\t\t\t\t\t<div class=\"elementor-element elementor-element-4918b41 elementor-widget elementor-widget-text-editor\" data-id=\"4918b41\" data-element_type=\"widget\" data-widget_type=\"text-editor.default\">\n\t\t\t\t<div class=\"elementor-widget-container\">\n\t\t\t<style>\/*! elementor - v3.11.5 - 14-03-2023 *\/\n.elementor-widget-text-editor.elementor-drop-cap-view-stacked .elementor-drop-cap{background-color:#818a91;color:#fff}.elementor-widget-text-editor.elementor-drop-cap-view-framed .elementor-drop-cap{color:#818a91;border:3px solid;background-color:transparent}.elementor-widget-text-editor:not(.elementor-drop-cap-view-default) .elementor-drop-cap{margin-top:8px}.elementor-widget-text-editor:not(.elementor-drop-cap-view-default) .elementor-drop-cap-letter{width:1em;height:1em}.elementor-widget-text-editor .elementor-drop-cap{float:left;text-align:center;line-height:1;font-size:50px}.elementor-widget-text-editor .elementor-drop-cap-letter{display:inline-block}<\/style>\t\t\t\t<h2>Registration for the SIRGAS 2022 Symposium<\/h2>\t\t\t\t\t\t<\/div>\n\t\t\t\t<\/div>\n\t\t\t\t\t<\/div>\n\t\t<\/div>\n\t\t\t\t\t\t\t<\/div>\n\t\t<\/section>\n\t\t\t\t<section class=\"elementor-section elementor-top-section elementor-element elementor-element-a26176a elementor-section-boxed elementor-section-height-default elementor-section-height-default\" data-id=\"a26176a\" data-element_type=\"section\">\n\t\t\t\t\t\t<div class=\"elementor-container elementor-column-gap-no\">\n\t\t\t\t\t<div class=\"elementor-column elementor-col-33 elementor-top-column elementor-element elementor-element-c927f23\" data-id=\"c927f23\" data-element_type=\"column\">\n\t\t\t<div class=\"elementor-widget-wrap elementor-element-populated\">\n\t\t\t\t\t\t\t\t<div class=\"elementor-element elementor-element-bf8264c elementor-widget elementor-widget-heading\" data-id=\"bf8264c\" data-element_type=\"widget\" data-widget_type=\"heading.default\">\n\t\t\t\t<div class=\"elementor-widget-container\">\n\t\t\t<h2 class=\"elementor-heading-title elementor-size-default\">Attendees<\/h2>\t\t<\/div>\n\t\t\t\t<\/div>\n\t\t\t\t\t<\/div>\n\t\t<\/div>\n\t\t\t\t<div class=\"elementor-column elementor-col-66 elementor-top-column elementor-element elementor-element-61ca281\" data-id=\"61ca281\" data-element_type=\"column\">\n\t\t\t<div class=\"elementor-widget-wrap elementor-element-populated\">\n\t\t\t\t\t\t\t\t<div class=\"elementor-element elementor-element-338057a elementor-widget elementor-widget-text-editor\" data-id=\"338057a\" data-element_type=\"widget\" data-widget_type=\"text-editor.default\">\n\t\t\t\t<div class=\"elementor-widget-container\">\n\t\t\t\t\t\t\t<p>Those interested in attending the event must register through the <a href=\"https:\/\/www.igm.cl\/?page=inscripcion-asistentes\"><strong>form for attendees<\/strong><\/a> before <strong>October 30, 2022<\/strong>.\u00a0<\/p><p>Then, the corresponding registration payment must be done, considering the payment methods indicated on the form.<\/p><p>Finally, an email must be sent attaching a copy of the bank transfer or credit card payment, in pdf or jpg format to <a href=\"mailto:sirgas2022@igm.cl\"><strong>sirgas2022@igm.cl<\/strong><\/a>, indicating in the subject \u00abSymposium payment proof &#8211; last name\u00bb.<\/p><table><tbody><tr><td width=\"258\"><p>\u00a0<\/p><\/td><td width=\"88\"><p><strong>05\/08 to 31\/08<\/strong><\/p><\/td><td width=\"84\"><p><strong>01\/09 to 01\/11<\/strong><\/p><\/td><td width=\"90\"><p><strong>During the event<\/strong><\/p><\/td><\/tr><tr><td width=\"258\"><p><strong>General<\/strong><\/p><\/td><td width=\"88\"><p>$50 USD<\/p><\/td><td width=\"84\"><p>$60 USD<\/p><\/td><td width=\"90\"><p>$70 USD<\/p><\/td><\/tr><tr><td width=\"258\"><p><strong>PAIGH, IAG and IGM members<\/strong><\/p><\/td><td width=\"88\"><p>$30 USD<\/p><\/td><td width=\"84\"><p>$40 USD<\/p><\/td><td width=\"90\"><p>$50 USD<\/p><\/td><\/tr><tr><td width=\"258\"><p><strong>Students<\/strong><\/p><\/td><td width=\"88\"><p>$15 USD<\/p><\/td><td width=\"84\"><p>$15 USD<\/p><\/td><td width=\"90\"><p>$20 USD<\/p><\/td><\/tr><\/tbody><\/table><p>\u00a0<\/p>\t\t\t\t\t\t<\/div>\n\t\t\t\t<\/div>\n\t\t\t\t\t<\/div>\n\t\t<\/div>\n\t\t\t\t\t\t\t<\/div>\n\t\t<\/section>\n\t\t\t\t<section class=\"elementor-section elementor-top-section elementor-element elementor-element-b480855 elementor-section-boxed elementor-section-height-default elementor-section-height-default\" data-id=\"b480855\" data-element_type=\"section\" data-settings=\"{&quot;background_background&quot;:&quot;classic&quot;}\">\n\t\t\t\t\t\t<div class=\"elementor-container elementor-column-gap-no\">\n\t\t\t\t\t<div class=\"elementor-column elementor-col-33 elementor-top-column elementor-element elementor-element-0ba0de3\" data-id=\"0ba0de3\" data-element_type=\"column\">\n\t\t\t<div class=\"elementor-widget-wrap elementor-element-populated\">\n\t\t\t\t\t\t\t\t<div class=\"elementor-element elementor-element-2a70872 elementor-widget elementor-widget-heading\" data-id=\"2a70872\" data-element_type=\"widget\" data-widget_type=\"heading.default\">\n\t\t\t\t<div class=\"elementor-widget-container\">\n\t\t\t<h2 class=\"elementor-heading-title elementor-size-default\">Speakers<\/h2>\t\t<\/div>\n\t\t\t\t<\/div>\n\t\t\t\t\t<\/div>\n\t\t<\/div>\n\t\t\t\t<div class=\"elementor-column elementor-col-66 elementor-top-column elementor-element elementor-element-f658b3a\" data-id=\"f658b3a\" data-element_type=\"column\">\n\t\t\t<div class=\"elementor-widget-wrap elementor-element-populated\">\n\t\t\t\t\t\t\t\t<div class=\"elementor-element elementor-element-f1a89e5 elementor-widget elementor-widget-text-editor\" data-id=\"f1a89e5\" data-element_type=\"widget\" data-widget_type=\"text-editor.default\">\n\t\t\t\t<div class=\"elementor-widget-container\">\n\t\t\t\t\t\t\t<p>Applications for presentations will be made by sending a summary of no more than 2000 characters through the <a href=\"https:\/\/docs.google.com\/forms\/d\/e\/1FAIpQLSdRcvOfIPzmHWX0e-EmhOs0LNTFkyDULgpJQxQa7n5Dc9hLvg\/viewform\"><strong>form for exhibitors<\/strong><\/a> before <strong>September 15, 2022<\/strong>. It must be framed in the thematic axes of the event program and will be evaluated by the Scientific Committee and the Executive of SIRGAS. The presentation modalities will be the following:<\/p>\n<p>Presentations: 15 minutes oral presentations;; and<\/p>\n<p>Posters: &nbsp;in pdf format, available for download, paired with a 3 minute oral presentation.<\/p>\t\t\t\t\t\t<\/div>\n\t\t\t\t<\/div>\n\t\t\t\t\t<\/div>\n\t\t<\/div>\n\t\t\t\t\t\t\t<\/div>\n\t\t<\/section>\n\t\t\t\t<section class=\"elementor-section elementor-top-section elementor-element elementor-element-79cc925 elementor-section-boxed elementor-section-height-default elementor-section-height-default\" data-id=\"79cc925\" data-element_type=\"section\">\n\t\t\t\t\t\t<div class=\"elementor-container elementor-column-gap-no\">\n\t\t\t\t\t<div class=\"elementor-column elementor-col-33 elementor-top-column elementor-element elementor-element-54f61d1\" data-id=\"54f61d1\" data-element_type=\"column\">\n\t\t\t<div class=\"elementor-widget-wrap elementor-element-populated\">\n\t\t\t\t\t\t\t\t<div class=\"elementor-element elementor-element-e29aed9 elementor-widget elementor-widget-heading\" data-id=\"e29aed9\" data-element_type=\"widget\" data-widget_type=\"heading.default\">\n\t\t\t\t<div class=\"elementor-widget-container\">\n\t\t\t<h2 class=\"elementor-heading-title elementor-size-default\">Financial assistance<\/h2>\t\t<\/div>\n\t\t\t\t<\/div>\n\t\t\t\t\t<\/div>\n\t\t<\/div>\n\t\t\t\t<div class=\"elementor-column elementor-col-66 elementor-top-column elementor-element elementor-element-82dfcc6\" data-id=\"82dfcc6\" data-element_type=\"column\">\n\t\t\t<div class=\"elementor-widget-wrap elementor-element-populated\">\n\t\t\t\t\t\t\t\t<div class=\"elementor-element elementor-element-9ff5931 elementor-widget elementor-widget-text-editor\" data-id=\"9ff5931\" data-element_type=\"widget\" data-widget_type=\"text-editor.default\">\n\t\t\t\t<div class=\"elementor-widget-container\">\n\t\t\t\t\t\t\t<p>Thanks to the sponsorship of the Pan American Institute of Geography and History (PAIGH) and the International Association of Geodesy (IAG), SIRGAS has a modest budget to support the attendance of some exhibitors at the meeting.<\/p><p>Said support will be distributed according to the registered presentation to be presented during the meeting, prior approval of the Scientific Council and the SIRGAS Executive Committee.<\/p><p>For the final allocation of the available budget, it will be essential that the entities to which the beneficiaries belong assume a complementary item (transfer, stay or maintenance) to cover all expenses.<\/p><p>Those interested in this support must complete the <a href=\"https:\/\/docs.google.com\/forms\/d\/e\/1FAIpQLSdRcvOfIPzmHWX0e-EmhOs0LNTFkyDULgpJQxQa7n5Dc9hLvg\/viewform\"><strong>form for exhibitors<\/strong><\/a> before <strong>June 30, 2022<\/strong>, and attach the following documents in pdf format through the form:<\/p><ul><li>A note addressed to the Executive Committee of SIRGAS indicating how you will use the financial support (i.e. transfer, accommodation or maintenance) and mentioning the type of support you will receive from your institution (clarify the country of residence); and<\/li><li>An endorsement from the institution you represent.<\/li><\/ul><p>\u00a0<\/p>\t\t\t\t\t\t<\/div>\n\t\t\t\t<\/div>\n\t\t\t\t\t<\/div>\n\t\t<\/div>\n\t\t\t\t\t\t\t<\/div>\n\t\t<\/section>\n\t\t\t\t<section class=\"elementor-section elementor-top-section elementor-element elementor-element-d8c2eb3 elementor-section-boxed elementor-section-height-default elementor-section-height-default\" data-id=\"d8c2eb3\" data-element_type=\"section\" data-settings=\"{&quot;background_background&quot;:&quot;classic&quot;}\">\n\t\t\t\t\t\t<div class=\"elementor-container elementor-column-gap-no\">\n\t\t\t\t\t<div class=\"elementor-column elementor-col-33 elementor-top-column elementor-element elementor-element-8065cec\" data-id=\"8065cec\" data-element_type=\"column\">\n\t\t\t<div class=\"elementor-widget-wrap elementor-element-populated\">\n\t\t\t\t\t\t\t\t<div class=\"elementor-element elementor-element-2ca33ee elementor-widget elementor-widget-heading\" data-id=\"2ca33ee\" data-element_type=\"widget\" data-widget_type=\"heading.default\">\n\t\t\t\t<div class=\"elementor-widget-container\">\n\t\t\t<h2 class=\"elementor-heading-title elementor-size-default\">Vertical Reference System Workshop<\/h2>\t\t<\/div>\n\t\t\t\t<\/div>\n\t\t\t\t\t<\/div>\n\t\t<\/div>\n\t\t\t\t<div class=\"elementor-column elementor-col-66 elementor-top-column elementor-element elementor-element-215b3f1\" data-id=\"215b3f1\" data-element_type=\"column\">\n\t\t\t<div class=\"elementor-widget-wrap elementor-element-populated\">\n\t\t\t\t\t\t\t\t<div class=\"elementor-element elementor-element-8fd9cf0 elementor-widget elementor-widget-text-editor\" data-id=\"8fd9cf0\" data-element_type=\"widget\" data-widget_type=\"text-editor.default\">\n\t\t\t\t<div class=\"elementor-widget-container\">\n\t\t\t\t\t\t\t<p><span style=\"font-weight: 400;\">The <\/span><b>Vertical Reference System Workshop<\/b><span style=\"font-weight: 400;\"> will take place from November <\/span><b>2 to 4, 2022<\/b><span style=\"font-weight: 400;\"> jointly with the SIRGAS 2022 Symposium. The workshop will review the guidelines and actions required for the materialization of the IHRS (International Height Reference System) and topics related to the unification of the vertical references of the SIRGAS member states.<\/span><\/p><p><span style=\"font-weight: 400;\">This workshop has been framed around the Resolution \u00abA Global Geodetic Reference Frame for Sustainable Development\u00bb adopted by the United Nations General Assembly in 2015, which encourages American countries and international organizations to strengthen global cooperation to promote capabilities in the field of geodesy, with the objective of ensuring the development, sustainability and promotion of a regional geodetic reference.<\/span><\/p><p><span style=\"font-weight: 400;\">The workshop will be held at the <\/span><b>Military Geographic Institute of Chile<\/b><span style=\"font-weight: 400;\"> (Santiago de Chile), and will be conducted in Spanish by Dr. Gabriel do Nascimento Guimar\u00e3es (Federal University of Uberl\u00e2ndia) and Eng. Agri. Hern\u00e1n Guagni (National Geographic Institute of Argentina).<\/span><\/p><p><span style=\"font-weight: 400;\">Those interested in participating in the workshop must complete the <a href=\"https:\/\/forms.gle\/GjEYLy3YEhxGWYVb9\"><strong>pre-registration form<\/strong><\/a> by <\/span><b>June 30, 2022<\/b>.<\/p>\t\t\t\t\t\t<\/div>\n\t\t\t\t<\/div>\n\t\t\t\t\t<\/div>\n\t\t<\/div>\n\t\t\t\t\t\t\t<\/div>\n\t\t<\/section>\n\t\t\t\t\t\t\t<\/div>\n\t\t","protected":false},"excerpt":{"rendered":"<p>Registration Registration for the SIRGAS 2022 Symposium Attendees Those interested in attending the event must register through the form for attendees before October 30, 2022.\u00a0 Then, the corresponding registration payment must be done, considering the payment methods indicated on the form. Finally, an email must be sent attaching a copy of the bank transfer or [&hellip;]<\/p>\n","protected":false},"author":1,"featured_media":0,"parent":0,"menu_order":0,"comment_status":"closed","ping_status":"closed","template":"","meta":{"site-sidebar-layout":"no-sidebar","site-content-layout":"page-builder","ast-site-content-layout":"","site-content-style":"default","site-sidebar-style":"default","ast-global-header-display":"","ast-banner-title-visibility":"","ast-main-header-display":"","ast-hfb-above-header-display":"","ast-hfb-below-header-display":"","ast-hfb-mobile-header-display":"","site-post-title":"disabled","ast-breadcrumbs-content":"disabled","ast-featured-img":"disabled","footer-sml-layout":"","theme-transparent-header-meta":"enabled","adv-header-id-meta":"","stick-header-meta":"","header-above-stick-meta":"","header-main-stick-meta":"","header-below-stick-meta":"","astra-migrate-meta-layouts":"default","ast-page-background-enabled":"default","ast-page-background-meta":{"desktop":{"background-color":"","background-image":"","background-repeat":"repeat","background-position":"center center","background-size":"auto","background-attachment":"scroll","background-type":"","background-media":"","overlay-type":"","overlay-color":"","overlay-opacity":"","overlay-gradient":""},"tablet":{"background-color":"","background-image":"","background-repeat":"repeat","background-position":"center center","background-size":"auto","background-attachment":"scroll","background-type":"","background-media":"","overlay-type":"","overlay-color":"","overlay-opacity":"","overlay-gradient":""},"mobile":{"background-color":"","background-image":"","background-repeat":"repeat","background-position":"center center","background-size":"auto","background-attachment":"scroll","background-type":"","background-media":"","overlay-type":"","overlay-color":"","overlay-opacity":"","overlay-gradient":""}},"ast-content-background-meta":{"desktop":{"background-color":"var(--ast-global-color-5)","background-image":"","background-repeat":"repeat","background-position":"center center","background-size":"auto","background-attachment":"scroll","background-type":"","background-media":"","overlay-type":"","overlay-color":"","overlay-opacity":"","overlay-gradient":""},"tablet":{"background-color":"var(--ast-global-color-5)","background-image":"","background-repeat":"repeat","background-position":"center center","background-size":"auto","background-attachment":"scroll","background-type":"","background-media":"","overlay-type":"","overlay-color":"","overlay-opacity":"","overlay-gradient":""},"mobile":{"background-color":"var(--ast-global-color-5)","background-image":"","background-repeat":"repeat","background-position":"center center","background-size":"auto","background-attachment":"scroll","background-type":"","background-media":"","overlay-type":"","overlay-color":"","overlay-opacity":"","overlay-gradient":""}},"footnotes":""},"_links":{"self":[{"href":"https:\/\/sirgas.ipgh.org\/simposio\/wp-json\/wp\/v2\/pages\/1148"}],"collection":[{"href":"https:\/\/sirgas.ipgh.org\/simposio\/wp-json\/wp\/v2\/pages"}],"about":[{"href":"https:\/\/sirgas.ipgh.org\/simposio\/wp-json\/wp\/v2\/types\/page"}],"author":[{"embeddable":true,"href":"https:\/\/sirgas.ipgh.org\/simposio\/wp-json\/wp\/v2\/users\/1"}],"replies":[{"embeddable":true,"href":"https:\/\/sirgas.ipgh.org\/simposio\/wp-json\/wp\/v2\/comments?post=1148"}],"version-history":[{"count":40,"href":"https:\/\/sirgas.ipgh.org\/simposio\/wp-json\/wp\/v2\/pages\/1148\/revisions"}],"predecessor-version":[{"id":1728,"href":"https:\/\/sirgas.ipgh.org\/simposio\/wp-json\/wp\/v2\/pages\/1148\/revisions\/1728"}],"wp:attachment":[{"href":"https:\/\/sirgas.ipgh.org\/simposio\/wp-json\/wp\/v2\/media?parent=1148"}],"curies":[{"name":"wp","href":"https:\/\/api.w.org\/{rel}","templated":true}]}}