{"id":851,"date":"2020-02-01T19:00:40","date_gmt":"2020-02-01T19:00:40","guid":{"rendered":"https:\/\/sirgas.ipgh.org\/escuela-geoide\/contact\/"},"modified":"2024-11-09T19:31:48","modified_gmt":"2024-11-09T19:31:48","slug":"sede","status":"publish","type":"page","link":"https:\/\/sirgas.ipgh.org\/escuela-geoide\/sede\/","title":{"rendered":"SEDE"},"content":{"rendered":"\t\t<div data-elementor-type=\"wp-page\" data-elementor-id=\"851\" class=\"elementor elementor-851\">\n\t\t\t\t\t\t<section class=\"elementor-section elementor-top-section elementor-element elementor-element-7875fb6 elementor-section-boxed elementor-section-height-default elementor-section-height-default\" data-id=\"7875fb6\" data-element_type=\"section\" data-settings=\"{&quot;background_background&quot;:&quot;classic&quot;}\">\n\t\t\t\t\t\t\t<div class=\"elementor-background-overlay\"><\/div>\n\t\t\t\t\t\t\t<div class=\"elementor-container elementor-column-gap-no\">\n\t\t\t\t\t<div class=\"elementor-column elementor-col-100 elementor-top-column elementor-element elementor-element-2347df7\" data-id=\"2347df7\" data-element_type=\"column\">\n\t\t\t<div class=\"elementor-widget-wrap elementor-element-populated\">\n\t\t\t\t\t\t<div class=\"elementor-element elementor-element-8f5458c elementor-widget elementor-widget-spacer\" data-id=\"8f5458c\" data-element_type=\"widget\" data-widget_type=\"spacer.default\">\n\t\t\t\t<div class=\"elementor-widget-container\">\n\t\t\t\t\t\t\t<div class=\"elementor-spacer\">\n\t\t\t<div class=\"elementor-spacer-inner\"><\/div>\n\t\t<\/div>\n\t\t\t\t\t\t<\/div>\n\t\t\t\t<\/div>\n\t\t\t\t<div class=\"elementor-element elementor-element-6d4b69e elementor-widget elementor-widget-heading\" data-id=\"6d4b69e\" data-element_type=\"widget\" data-widget_type=\"heading.default\">\n\t\t\t\t<div class=\"elementor-widget-container\">\n\t\t\t\t\t<h1 class=\"elementor-heading-title elementor-size-default\">Sede<\/h1>\t\t\t\t<\/div>\n\t\t\t\t<\/div>\n\t\t\t\t\t<\/div>\n\t\t<\/div>\n\t\t\t\t\t<\/div>\n\t\t<\/section>\n\t\t\t\t<section class=\"elementor-section elementor-top-section elementor-element elementor-element-7078d02 elementor-section-content-middle elementor-section-boxed elementor-section-height-default elementor-section-height-default\" data-id=\"7078d02\" data-element_type=\"section\">\n\t\t\t\t\t\t<div class=\"elementor-container elementor-column-gap-no\">\n\t\t\t\t\t<div class=\"elementor-column elementor-col-100 elementor-top-column elementor-element elementor-element-aab6283\" data-id=\"aab6283\" data-element_type=\"column\">\n\t\t\t<div class=\"elementor-widget-wrap elementor-element-populated\">\n\t\t\t\t\t\t<div class=\"elementor-element elementor-element-da3ec76 elementor-widget elementor-widget-text-editor\" data-id=\"da3ec76\" data-element_type=\"widget\" data-widget_type=\"text-editor.default\">\n\t\t\t\t<div class=\"elementor-widget-container\">\n\t\t\t\t\t\t\t\t\t<h2>Sede de la Escuela \u00abTiempo Real\u00bb<\/h2>\t\t\t\t\t\t\t\t<\/div>\n\t\t\t\t<\/div>\n\t\t\t\t\t<\/div>\n\t\t<\/div>\n\t\t\t\t\t<\/div>\n\t\t<\/section>\n\t\t\t\t<section class=\"elementor-section elementor-top-section elementor-element elementor-element-5d0ba62 elementor-section-boxed elementor-section-height-default elementor-section-height-default\" data-id=\"5d0ba62\" data-element_type=\"section\">\n\t\t\t\t\t\t<div class=\"elementor-container elementor-column-gap-default\">\n\t\t\t\t\t<div class=\"elementor-column elementor-col-50 elementor-top-column elementor-element elementor-element-6379a18\" data-id=\"6379a18\" data-element_type=\"column\">\n\t\t\t<div class=\"elementor-widget-wrap elementor-element-populated\">\n\t\t\t\t\t\t<div class=\"elementor-element elementor-element-80f626e elementor-widget elementor-widget-text-editor\" data-id=\"80f626e\" data-element_type=\"widget\" data-widget_type=\"text-editor.default\">\n\t\t\t\t<div class=\"elementor-widget-container\">\n\t\t\t\t\t\t\t\t\t<div class=\"elementor-element elementor-element-576e6cc elementor-widget elementor-widget-text-editor\" data-id=\"576e6cc\" data-element_type=\"widget\" data-widget_type=\"text-editor.default\"><div class=\"elementor-widget-container\"><p>La Escuela SIRGAS \u00abTiempo Real\u00bb se realizar\u00e1 en <strong>Bogot\u00e1, Colombia<\/strong><\/p><\/div><\/div><div class=\"elementor-element elementor-element-7f9c6f1 elementor-icon-list--layout-traditional elementor-list-item-link-full_width elementor-widget elementor-widget-icon-list\" data-id=\"7f9c6f1\" data-element_type=\"widget\" data-widget_type=\"icon-list.default\"><div class=\"elementor-widget-container\"><ul class=\"elementor-icon-list-items\"><li><div class=\"place-name\"><div class=\"TDF87d\"><a href=\"https:\/\/maps.app.goo.gl\/ctruATowPErYceou8\">Universidad Distrital Francisco Jos\u00e9 de Caldas<\/a><\/div><div class=\"vKmG2c\"><strong>Facultad de Ingenier\u00eda de la Universidad Distrital Francisco Jos\u00e9 de Celdas, Laboratorios LatitUD- Ingenier\u00eda Catastral y Geodesia, Carrera 7# 40B-57, piso 4<\/strong><\/div><\/div><\/li><\/ul><\/div><\/div>\t\t\t\t\t\t\t\t<\/div>\n\t\t\t\t<\/div>\n\t\t\t\t\t<\/div>\n\t\t<\/div>\n\t\t\t\t<div class=\"elementor-column elementor-col-50 elementor-top-column elementor-element elementor-element-e090e66\" data-id=\"e090e66\" data-element_type=\"column\">\n\t\t\t<div class=\"elementor-widget-wrap elementor-element-populated\">\n\t\t\t\t\t\t<div class=\"elementor-element elementor-element-fa22631 elementor-widget elementor-widget-google_maps\" data-id=\"fa22631\" data-element_type=\"widget\" data-widget_type=\"google_maps.default\">\n\t\t\t\t<div class=\"elementor-widget-container\">\n\t\t\t\t\t\t\t<div class=\"elementor-custom-embed\">\n\t\t\t<iframe loading=\"lazy\"\n\t\t\t\t\tsrc=\"https:\/\/maps.google.com\/maps?q=Universidad%20Distrital%20Francisco%20Jos%C3%A9%20de%20Caldas%20Cl.%2013%20%2331%20-75%2C%20Chapinero%2C%20Bogot%C3%A1%2C%20Cundinamarca%2C%20Colombia&#038;t=m&#038;z=10&#038;output=embed&#038;iwloc=near\"\n\t\t\t\t\ttitle=\"Universidad Distrital Francisco Jos\u00e9 de Caldas Cl. 13 #31 -75, Chapinero, Bogot\u00e1, Cundinamarca, Colombia\"\n\t\t\t\t\taria-label=\"Universidad Distrital Francisco Jos\u00e9 de Caldas Cl. 13 #31 -75, Chapinero, Bogot\u00e1, Cundinamarca, Colombia\"\n\t\t\t><\/iframe>\n\t\t<\/div>\n\t\t\t\t\t\t<\/div>\n\t\t\t\t<\/div>\n\t\t\t\t\t<\/div>\n\t\t<\/div>\n\t\t\t\t\t<\/div>\n\t\t<\/section>\n\t\t\t\t<\/div>\n\t\t","protected":false},"excerpt":{"rendered":"<p>Sede Sede de la Escuela \u00abTiempo Real\u00bb La Escuela SIRGAS \u00abTiempo Real\u00bb se realizar\u00e1 en Bogot\u00e1, Colombia Universidad Distrital Francisco Jos\u00e9 de CaldasFacultad de Ingenier\u00eda de la Universidad Distrital Francisco Jos\u00e9 de Celdas, Laboratorios LatitUD- Ingenier\u00eda Catastral y Geodesia, Carrera 7# 40B-57, piso 4<\/p>\n","protected":false},"author":1,"featured_media":0,"parent":0,"menu_order":0,"comment_status":"closed","ping_status":"closed","template":"","meta":{"site-sidebar-layout":"no-sidebar","site-content-layout":"page-builder","ast-site-content-layout":"","site-content-style":"default","site-sidebar-style":"default","ast-global-header-display":"","ast-banner-title-visibility":"","ast-main-header-display":"","ast-hfb-above-header-display":"","ast-hfb-below-header-display":"","ast-hfb-mobile-header-display":"","site-post-title":"disabled","ast-breadcrumbs-content":"disabled","ast-featured-img":"disabled","footer-sml-layout":"","theme-transparent-header-meta":"enabled","adv-header-id-meta":"","stick-header-meta":"","header-above-stick-meta":"","header-main-stick-meta":"","header-below-stick-meta":"","astra-migrate-meta-layouts":"default","ast-page-background-enabled":"default","ast-page-background-meta":{"desktop":{"background-color":"","background-image":"","background-repeat":"repeat","background-position":"center center","background-size":"auto","background-attachment":"scroll","background-type":"","background-media":"","overlay-type":"","overlay-color":"","overlay-opacity":"","overlay-gradient":""},"tablet":{"background-color":"","background-image":"","background-repeat":"repeat","background-position":"center center","background-size":"auto","background-attachment":"scroll","background-type":"","background-media":"","overlay-type":"","overlay-color":"","overlay-opacity":"","overlay-gradient":""},"mobile":{"background-color":"","background-image":"","background-repeat":"repeat","background-position":"center center","background-size":"auto","background-attachment":"scroll","background-type":"","background-media":"","overlay-type":"","overlay-color":"","overlay-opacity":"","overlay-gradient":""}},"ast-content-background-meta":{"desktop":{"background-color":"var(--ast-global-color-5)","background-image":"","background-repeat":"repeat","background-position":"center center","background-size":"auto","background-attachment":"scroll","background-type":"","background-media":"","overlay-type":"","overlay-color":"","overlay-opacity":"","overlay-gradient":""},"tablet":{"background-color":"var(--ast-global-color-5)","background-image":"","background-repeat":"repeat","background-position":"center center","background-size":"auto","background-attachment":"scroll","background-type":"","background-media":"","overlay-type":"","overlay-color":"","overlay-opacity":"","overlay-gradient":""},"mobile":{"background-color":"var(--ast-global-color-5)","background-image":"","background-repeat":"repeat","background-position":"center center","background-size":"auto","background-attachment":"scroll","background-type":"","background-media":"","overlay-type":"","overlay-color":"","overlay-opacity":"","overlay-gradient":""}},"footnotes":""},"class_list":["post-851","page","type-page","status-publish","hentry"],"_links":{"self":[{"href":"https:\/\/sirgas.ipgh.org\/escuela-geoide\/wp-json\/wp\/v2\/pages\/851","targetHints":{"allow":["GET"]}}],"collection":[{"href":"https:\/\/sirgas.ipgh.org\/escuela-geoide\/wp-json\/wp\/v2\/pages"}],"about":[{"href":"https:\/\/sirgas.ipgh.org\/escuela-geoide\/wp-json\/wp\/v2\/types\/page"}],"author":[{"embeddable":true,"href":"https:\/\/sirgas.ipgh.org\/escuela-geoide\/wp-json\/wp\/v2\/users\/1"}],"replies":[{"embeddable":true,"href":"https:\/\/sirgas.ipgh.org\/escuela-geoide\/wp-json\/wp\/v2\/comments?post=851"}],"version-history":[{"count":107,"href":"https:\/\/sirgas.ipgh.org\/escuela-geoide\/wp-json\/wp\/v2\/pages\/851\/revisions"}],"predecessor-version":[{"id":3375,"href":"https:\/\/sirgas.ipgh.org\/escuela-geoide\/wp-json\/wp\/v2\/pages\/851\/revisions\/3375"}],"wp:attachment":[{"href":"https:\/\/sirgas.ipgh.org\/escuela-geoide\/wp-json\/wp\/v2\/media?parent=851"}],"curies":[{"name":"wp","href":"https:\/\/api.w.org\/{rel}","templated":true}]}}