{"id":1158,"date":"2022-03-03T20:47:18","date_gmt":"2022-03-03T20:47:18","guid":{"rendered":"https:\/\/sirgas.ipgh.org\/escuela-geoide\/?page_id=1158"},"modified":"2024-08-28T15:36:09","modified_gmt":"2024-08-28T15:36:09","slug":"inscricao","status":"publish","type":"page","link":"https:\/\/sirgas.ipgh.org\/escuela-geoide\/pt\/inscricao\/","title":{"rendered":"INSCRI\u00c7\u00c3O"},"content":{"rendered":"\t\t<div data-elementor-type=\"wp-page\" data-elementor-id=\"1158\" class=\"elementor elementor-1158\">\n\t\t\t\t\t\t<section class=\"elementor-section elementor-top-section elementor-element elementor-element-6ff2ff7 elementor-section-boxed elementor-section-height-default elementor-section-height-default\" data-id=\"6ff2ff7\" data-element_type=\"section\" data-settings=\"{&quot;background_background&quot;:&quot;classic&quot;}\">\n\t\t\t\t\t\t\t<div class=\"elementor-background-overlay\"><\/div>\n\t\t\t\t\t\t\t<div class=\"elementor-container elementor-column-gap-no\">\n\t\t\t\t\t<div class=\"elementor-column elementor-col-100 elementor-top-column elementor-element elementor-element-d4acc06\" data-id=\"d4acc06\" data-element_type=\"column\">\n\t\t\t<div class=\"elementor-widget-wrap elementor-element-populated\">\n\t\t\t\t\t\t<div class=\"elementor-element elementor-element-46cdfba elementor-widget elementor-widget-spacer\" data-id=\"46cdfba\" data-element_type=\"widget\" data-widget_type=\"spacer.default\">\n\t\t\t\t<div class=\"elementor-widget-container\">\n\t\t\t\t\t\t\t<div class=\"elementor-spacer\">\n\t\t\t<div class=\"elementor-spacer-inner\"><\/div>\n\t\t<\/div>\n\t\t\t\t\t\t<\/div>\n\t\t\t\t<\/div>\n\t\t\t\t<div class=\"elementor-element elementor-element-bee4950 elementor-widget elementor-widget-heading\" data-id=\"bee4950\" data-element_type=\"widget\" data-widget_type=\"heading.default\">\n\t\t\t\t<div class=\"elementor-widget-container\">\n\t\t\t\t\t<h1 class=\"elementor-heading-title elementor-size-default\">Inscri\u00e7\u00e3o<\/h1>\t\t\t\t<\/div>\n\t\t\t\t<\/div>\n\t\t\t\t<div class=\"elementor-element elementor-element-361f8f0 elementor-widget elementor-widget-spacer\" data-id=\"361f8f0\" data-element_type=\"widget\" data-widget_type=\"spacer.default\">\n\t\t\t\t<div class=\"elementor-widget-container\">\n\t\t\t\t\t\t\t<div class=\"elementor-spacer\">\n\t\t\t<div class=\"elementor-spacer-inner\"><\/div>\n\t\t<\/div>\n\t\t\t\t\t\t<\/div>\n\t\t\t\t<\/div>\n\t\t\t\t\t<\/div>\n\t\t<\/div>\n\t\t\t\t\t<\/div>\n\t\t<\/section>\n\t\t\t\t<section class=\"elementor-section elementor-top-section elementor-element elementor-element-dbdf9ac elementor-section-content-middle elementor-section-boxed elementor-section-height-default elementor-section-height-default\" data-id=\"dbdf9ac\" data-element_type=\"section\">\n\t\t\t\t\t\t<div class=\"elementor-container elementor-column-gap-no\">\n\t\t\t\t\t<div class=\"elementor-column elementor-col-100 elementor-top-column elementor-element elementor-element-105f188\" data-id=\"105f188\" data-element_type=\"column\">\n\t\t\t<div class=\"elementor-widget-wrap elementor-element-populated\">\n\t\t\t\t\t\t<div class=\"elementor-element elementor-element-4918b41 elementor-widget elementor-widget-text-editor\" data-id=\"4918b41\" data-element_type=\"widget\" data-widget_type=\"text-editor.default\">\n\t\t\t\t<div class=\"elementor-widget-container\">\n\t\t\t\t\t\t\t\t\t<h2>Inscri\u00e7\u00e3o na Escola \u00abTempo Real\u00bb<\/h2>\t\t\t\t\t\t\t\t<\/div>\n\t\t\t\t<\/div>\n\t\t\t\t\t<\/div>\n\t\t<\/div>\n\t\t\t\t\t<\/div>\n\t\t<\/section>\n\t\t\t\t<section class=\"elementor-section elementor-top-section elementor-element elementor-element-b480855 elementor-section-boxed elementor-section-height-default elementor-section-height-default\" data-id=\"b480855\" data-element_type=\"section\" data-settings=\"{&quot;background_background&quot;:&quot;classic&quot;}\">\n\t\t\t\t\t\t<div class=\"elementor-container elementor-column-gap-no\">\n\t\t\t\t\t<div class=\"elementor-column elementor-col-33 elementor-top-column elementor-element elementor-element-0ba0de3\" data-id=\"0ba0de3\" data-element_type=\"column\">\n\t\t\t<div class=\"elementor-widget-wrap elementor-element-populated\">\n\t\t\t\t\t\t<div class=\"elementor-element elementor-element-2a70872 elementor-widget elementor-widget-heading\" data-id=\"2a70872\" data-element_type=\"widget\" data-widget_type=\"heading.default\">\n\t\t\t\t<div class=\"elementor-widget-container\">\n\t\t\t\t\t<h2 class=\"elementor-heading-title elementor-size-default\">Participantes<\/h2>\t\t\t\t<\/div>\n\t\t\t\t<\/div>\n\t\t\t\t\t<\/div>\n\t\t<\/div>\n\t\t\t\t<div class=\"elementor-column elementor-col-66 elementor-top-column elementor-element elementor-element-f658b3a\" data-id=\"f658b3a\" data-element_type=\"column\">\n\t\t\t<div class=\"elementor-widget-wrap elementor-element-populated\">\n\t\t\t\t\t\t<div class=\"elementor-element elementor-element-f1a89e5 elementor-widget elementor-widget-text-editor\" data-id=\"f1a89e5\" data-element_type=\"widget\" data-widget_type=\"text-editor.default\">\n\t\t\t\t<div class=\"elementor-widget-container\">\n\t\t\t\t\t\t\t\t\t<h6>Os interessados \u200b\u200bem participar dever\u00e3o se inscrever no <a href=\"https:\/\/forms.gle\/e5g6okRFAXm77eXK9\">Formul\u00e1rio de Inscri\u00e7\u00e3o<\/a> at\u00e9 o dia 30 de setembro.<\/h6><h6><span style=\"text-decoration: underline;\"><em>Importante:<\/em><\/span> Os inscritos dever\u00e3o apresentar <span style=\"text-decoration: underline; color: #000000;\">Carta de Endosso, designada pelo Representante Nacional do seu pa\u00eds,<\/span> pois a Escola ter\u00e1 como prioridade aquelas pessoas que fa\u00e7am parte de institui\u00e7\u00f5es e\/ou centros que tenham gest\u00e3o de Redes GNSS ou necessitem implement\u00e1-las.<\/h6><p>Ap\u00f3s o t\u00e9rmino do per\u00edodo de pre-inscri\u00e7\u00f5es, ser\u00e1 realizado um processo de sele\u00e7\u00e3o para determinar quem poder\u00e1 participar do evento. Uma confirma\u00e7\u00e3o ser\u00e1 enviada aos selecionados por e-mail ou por outro meio de contato fornecido durante a pre-inscri\u00e7\u00e3o.<\/p><p>Para melhor aproveitamento dos conhecimentos que ser\u00e3o ministrados na Escola, \u00e9 necess\u00e1rio que os participantes tenham conhecimentos b\u00e1sicos sobre os seguintes temas:<\/p><p><span style=\"text-decoration: underline;\"><strong>GNSS<\/strong><\/span><\/p><ul><li>Sistemas globais de navega\u00e7\u00e3o por sat\u00e9lite GNSS<\/li><li>Instala\u00e7\u00e3o, configura\u00e7\u00e3o de esta\u00e7\u00f5es CORS<\/li><li>Levantamento, coleta de informa\u00e7\u00f5es usando equipamento rover GNSS.<\/li><li>Sistemas de refer\u00eancia e coordenadas.<\/li><\/ul><p><span style=\"text-decoration: underline;\"><strong>Redes de dados<\/strong><\/span><\/p><ul><li>Protocolo TCP\/IP<\/li><li>Endere\u00e7amento IP<\/li><li>Portas de comunica\u00e7\u00e3o<\/li><li>Gateway Gateway<\/li><li>Conhecimento b\u00e1sico do protocolo NTRIP<\/li><\/ul><p><span style=\"text-decoration: underline;\"><strong>Sistema operacional Linux<\/strong><\/span><\/p><ul><li>Opera\u00e7\u00e3o e execu\u00e7\u00e3o de comandos por terminal<\/li><\/ul><p>Est\u00e1 previsto um n\u00famero m\u00e1ximo de 25 participantes, os pedidos de inscri\u00e7\u00e3o ser\u00e3o aceites at\u00e9 12 de agosto de 2024.<\/p>\t\t\t\t\t\t\t\t<\/div>\n\t\t\t\t<\/div>\n\t\t\t\t\t<\/div>\n\t\t<\/div>\n\t\t\t\t\t<\/div>\n\t\t<\/section>\n\t\t\t\t<section class=\"elementor-section elementor-top-section elementor-element elementor-element-b66e002 elementor-section-boxed elementor-section-height-default elementor-section-height-default\" data-id=\"b66e002\" data-element_type=\"section\" data-settings=\"{&quot;background_background&quot;:&quot;classic&quot;}\">\n\t\t\t\t\t\t<div class=\"elementor-container elementor-column-gap-no\">\n\t\t\t\t\t<div class=\"elementor-column elementor-col-33 elementor-top-column elementor-element elementor-element-b7f7569\" data-id=\"b7f7569\" data-element_type=\"column\">\n\t\t\t<div class=\"elementor-widget-wrap elementor-element-populated\">\n\t\t\t\t\t\t<div class=\"elementor-element elementor-element-2d40dc5 elementor-widget elementor-widget-heading\" data-id=\"2d40dc5\" data-element_type=\"widget\" data-widget_type=\"heading.default\">\n\t\t\t\t<div class=\"elementor-widget-container\">\n\t\t\t\t\t<h2 class=\"elementor-heading-title elementor-size-default\">Computadores<\/h2>\t\t\t\t<\/div>\n\t\t\t\t<\/div>\n\t\t\t\t\t<\/div>\n\t\t<\/div>\n\t\t\t\t<div class=\"elementor-column elementor-col-66 elementor-top-column elementor-element elementor-element-ed1a7ce\" data-id=\"ed1a7ce\" data-element_type=\"column\">\n\t\t\t<div class=\"elementor-widget-wrap elementor-element-populated\">\n\t\t\t\t\t\t<div class=\"elementor-element elementor-element-fd2f967 elementor-widget elementor-widget-text-editor\" data-id=\"fd2f967\" data-element_type=\"widget\" data-widget_type=\"text-editor.default\">\n\t\t\t\t<div class=\"elementor-widget-container\">\n\t\t\t\t\t\t\t\t\t<p>Os participantes devem trazer seus pr\u00f3prios computadores para o evento. Isso inclui cabos de alimenta\u00e7\u00e3o e outros equipamentos necess\u00e1rios para operar o computador.<\/p>\t\t\t\t\t\t\t\t<\/div>\n\t\t\t\t<\/div>\n\t\t\t\t\t<\/div>\n\t\t<\/div>\n\t\t\t\t\t<\/div>\n\t\t<\/section>\n\t\t\t\t<section class=\"elementor-section elementor-top-section elementor-element elementor-element-5354891 elementor-section-boxed elementor-section-height-default elementor-section-height-default\" data-id=\"5354891\" data-element_type=\"section\">\n\t\t\t\t\t\t<div class=\"elementor-container elementor-column-gap-default\">\n\t\t\t\t\t<div class=\"elementor-column elementor-col-100 elementor-top-column elementor-element elementor-element-9267e64\" data-id=\"9267e64\" data-element_type=\"column\">\n\t\t\t<div class=\"elementor-widget-wrap elementor-element-populated\">\n\t\t\t\t\t\t<div class=\"elementor-element elementor-element-8744c3b elementor-widget elementor-widget-heading\" data-id=\"8744c3b\" data-element_type=\"widget\" data-widget_type=\"heading.default\">\n\t\t\t\t<div class=\"elementor-widget-container\">\n\t\t\t\t\t<h2 class=\"elementor-heading-title elementor-size-default\">Contato<\/h2>\t\t\t\t<\/div>\n\t\t\t\t<\/div>\n\t\t\t\t\t<\/div>\n\t\t<\/div>\n\t\t\t\t\t<\/div>\n\t\t<\/section>\n\t\t\t\t<section class=\"elementor-section elementor-top-section elementor-element elementor-element-e4de846 elementor-section-boxed elementor-section-height-default elementor-section-height-default\" data-id=\"e4de846\" data-element_type=\"section\">\n\t\t\t\t\t\t<div class=\"elementor-container elementor-column-gap-default\">\n\t\t\t\t\t<div class=\"elementor-column elementor-col-100 elementor-top-column elementor-element elementor-element-b2af31a\" data-id=\"b2af31a\" data-element_type=\"column\">\n\t\t\t<div class=\"elementor-widget-wrap elementor-element-populated\">\n\t\t\t\t\t\t<div class=\"elementor-element elementor-element-86cee8e elementor-widget elementor-widget-text-editor\" data-id=\"86cee8e\" data-element_type=\"widget\" data-widget_type=\"text-editor.default\">\n\t\t\t\t<div class=\"elementor-widget-container\">\n\t\t\t\t\t\t\t\t\t<p>Se voc\u00ea deseja entrar em contato com o Comit\u00ea Organizador Local, preencha o formul\u00e1rio abaixo.<\/p>\t\t\t\t\t\t\t\t<\/div>\n\t\t\t\t<\/div>\n\t\t\t\t\t<\/div>\n\t\t<\/div>\n\t\t\t\t\t<\/div>\n\t\t<\/section>\n\t\t\t\t<section class=\"elementor-section elementor-top-section elementor-element elementor-element-340624e elementor-section-boxed elementor-section-height-default elementor-section-height-default\" data-id=\"340624e\" data-element_type=\"section\">\n\t\t\t\t\t\t<div class=\"elementor-container elementor-column-gap-default\">\n\t\t\t\t\t<div class=\"elementor-column elementor-col-100 elementor-top-column elementor-element elementor-element-d79e15b\" data-id=\"d79e15b\" data-element_type=\"column\">\n\t\t\t<div class=\"elementor-widget-wrap elementor-element-populated\">\n\t\t\t\t\t\t<div class=\"elementor-element elementor-element-e484bb6 elementor-widget elementor-widget-wpforms\" data-id=\"e484bb6\" data-element_type=\"widget\" data-widget_type=\"wpforms.default\">\n\t\t\t\t<div class=\"elementor-widget-container\">\n\t\t\t\t\t<div class=\"wpforms-container \" id=\"wpforms-199\"><form id=\"wpforms-form-199\" class=\"wpforms-validate wpforms-form\" data-formid=\"199\" method=\"post\" enctype=\"multipart\/form-data\" action=\"\/escuela-geoide\/wp-json\/wp\/v2\/pages\/1158\" data-token=\"60ec6df7694e2afb8d0162e3feaad416\" data-token-time=\"1776105252\"><noscript class=\"wpforms-error-noscript\">Por favor, activa JavaScript en tu navegador para completar este formulario.<\/noscript><div class=\"wpforms-field-container\"><div id=\"wpforms-199-field_0-container\" class=\"wpforms-field wpforms-field-name\" data-field-id=\"0\"><label class=\"wpforms-field-label wpforms-label-hide\" for=\"wpforms-199-field_0\">Name <span class=\"wpforms-required-label\">*<\/span><\/label><input type=\"text\" id=\"wpforms-199-field_0\" class=\"wpforms-field-large wpforms-field-required\" name=\"wpforms[fields][0]\" placeholder=\"Please, enter you full name\" required><\/div><div id=\"wpforms-199-field_1-container\" class=\"wpforms-field wpforms-field-email\" data-field-id=\"1\"><label class=\"wpforms-field-label wpforms-label-hide\" for=\"wpforms-199-field_1\">Email adress <span class=\"wpforms-required-label\">*<\/span><\/label><input type=\"email\" id=\"wpforms-199-field_1\" class=\"wpforms-field-large wpforms-field-required\" name=\"wpforms[fields][1]\" placeholder=\"Please enter your e-mail address \" spellcheck=\"false\" required><\/div><div id=\"wpforms-199-field_3-container\" class=\"wpforms-field wpforms-field-text\" data-field-id=\"3\"><label class=\"wpforms-field-label wpforms-label-hide\" for=\"wpforms-199-field_3\">Subject <span class=\"wpforms-required-label\">*<\/span><\/label><input type=\"text\" id=\"wpforms-199-field_3\" class=\"wpforms-field-large wpforms-field-required\" name=\"wpforms[fields][3]\" placeholder=\"Please enter the subject of the message you want to send\" required><\/div><div id=\"wpforms-199-field_2-container\" class=\"wpforms-field wpforms-field-textarea\" data-field-id=\"2\"><label class=\"wpforms-field-label wpforms-label-hide\" for=\"wpforms-199-field_2\">Message <span class=\"wpforms-required-label\">*<\/span><\/label><textarea id=\"wpforms-199-field_2\" class=\"wpforms-field-medium wpforms-field-required\" name=\"wpforms[fields][2]\" placeholder=\"Please enter the message you want to send\" required><\/textarea><\/div><\/div><!-- .wpforms-field-container --><div class=\"wpforms-field wpforms-field-hp\"><label for=\"wpforms-199-field-hp\" class=\"wpforms-field-label\">Email<\/label><input type=\"text\" name=\"wpforms[hp]\" id=\"wpforms-199-field-hp\" class=\"wpforms-field-medium\"><\/div><div class=\"wpforms-submit-container\" ><input type=\"hidden\" name=\"wpforms[id]\" value=\"199\"><input type=\"hidden\" name=\"page_title\" value=\"\"><input type=\"hidden\" name=\"page_url\" value=\"https:\/\/sirgas.ipgh.org\/escuela-geoide\/wp-json\/wp\/v2\/pages\/1158\"><input type=\"hidden\" name=\"url_referer\" value=\"\"><button type=\"submit\" name=\"wpforms[submit]\" id=\"wpforms-submit-199\" class=\"wpforms-submit\" data-alt-text=\"Sending...\" data-submit-text=\"Send message\" aria-live=\"assertive\" value=\"wpforms-submit\">Send message<\/button><\/div><\/form><\/div>  <!-- .wpforms-container -->\t\t\t\t<\/div>\n\t\t\t\t<\/div>\n\t\t\t\t\t<\/div>\n\t\t<\/div>\n\t\t\t\t\t<\/div>\n\t\t<\/section>\n\t\t\t\t<\/div>\n\t\t","protected":false},"excerpt":{"rendered":"<p>Inscri\u00e7\u00e3o Inscri\u00e7\u00e3o na Escola \u00abTempo Real\u00bb Participantes Os interessados \u200b\u200bem participar dever\u00e3o se inscrever no Formul\u00e1rio de Inscri\u00e7\u00e3o at\u00e9 o dia 30 de setembro. Importante: Os inscritos dever\u00e3o apresentar Carta de Endosso, designada pelo Representante Nacional do seu pa\u00eds, pois a Escola ter\u00e1 como prioridade aquelas pessoas que fa\u00e7am parte de institui\u00e7\u00f5es e\/ou centros que [&hellip;]<\/p>\n","protected":false},"author":1,"featured_media":0,"parent":0,"menu_order":0,"comment_status":"closed","ping_status":"closed","template":"","meta":{"site-sidebar-layout":"no-sidebar","site-content-layout":"page-builder","ast-site-content-layout":"","site-content-style":"default","site-sidebar-style":"default","ast-global-header-display":"","ast-banner-title-visibility":"","ast-main-header-display":"","ast-hfb-above-header-display":"","ast-hfb-below-header-display":"","ast-hfb-mobile-header-display":"","site-post-title":"disabled","ast-breadcrumbs-content":"disabled","ast-featured-img":"disabled","footer-sml-layout":"","theme-transparent-header-meta":"enabled","adv-header-id-meta":"","stick-header-meta":"","header-above-stick-meta":"","header-main-stick-meta":"","header-below-stick-meta":"","astra-migrate-meta-layouts":"default","ast-page-background-enabled":"default","ast-page-background-meta":{"desktop":{"background-color":"","background-image":"","background-repeat":"repeat","background-position":"center center","background-size":"auto","background-attachment":"scroll","background-type":"","background-media":"","overlay-type":"","overlay-color":"","overlay-opacity":"","overlay-gradient":""},"tablet":{"background-color":"","background-image":"","background-repeat":"repeat","background-position":"center center","background-size":"auto","background-attachment":"scroll","background-type":"","background-media":"","overlay-type":"","overlay-color":"","overlay-opacity":"","overlay-gradient":""},"mobile":{"background-color":"","background-image":"","background-repeat":"repeat","background-position":"center center","background-size":"auto","background-attachment":"scroll","background-type":"","background-media":"","overlay-type":"","overlay-color":"","overlay-opacity":"","overlay-gradient":""}},"ast-content-background-meta":{"desktop":{"background-color":"var(--ast-global-color-5)","background-image":"","background-repeat":"repeat","background-position":"center center","background-size":"auto","background-attachment":"scroll","background-type":"","background-media":"","overlay-type":"","overlay-color":"","overlay-opacity":"","overlay-gradient":""},"tablet":{"background-color":"var(--ast-global-color-5)","background-image":"","background-repeat":"repeat","background-position":"center center","background-size":"auto","background-attachment":"scroll","background-type":"","background-media":"","overlay-type":"","overlay-color":"","overlay-opacity":"","overlay-gradient":""},"mobile":{"background-color":"var(--ast-global-color-5)","background-image":"","background-repeat":"repeat","background-position":"center center","background-size":"auto","background-attachment":"scroll","background-type":"","background-media":"","overlay-type":"","overlay-color":"","overlay-opacity":"","overlay-gradient":""}},"footnotes":""},"class_list":["post-1158","page","type-page","status-publish","hentry"],"_links":{"self":[{"href":"https:\/\/sirgas.ipgh.org\/escuela-geoide\/wp-json\/wp\/v2\/pages\/1158","targetHints":{"allow":["GET"]}}],"collection":[{"href":"https:\/\/sirgas.ipgh.org\/escuela-geoide\/wp-json\/wp\/v2\/pages"}],"about":[{"href":"https:\/\/sirgas.ipgh.org\/escuela-geoide\/wp-json\/wp\/v2\/types\/page"}],"author":[{"embeddable":true,"href":"https:\/\/sirgas.ipgh.org\/escuela-geoide\/wp-json\/wp\/v2\/users\/1"}],"replies":[{"embeddable":true,"href":"https:\/\/sirgas.ipgh.org\/escuela-geoide\/wp-json\/wp\/v2\/comments?post=1158"}],"version-history":[{"count":118,"href":"https:\/\/sirgas.ipgh.org\/escuela-geoide\/wp-json\/wp\/v2\/pages\/1158\/revisions"}],"predecessor-version":[{"id":3273,"href":"https:\/\/sirgas.ipgh.org\/escuela-geoide\/wp-json\/wp\/v2\/pages\/1158\/revisions\/3273"}],"wp:attachment":[{"href":"https:\/\/sirgas.ipgh.org\/escuela-geoide\/wp-json\/wp\/v2\/media?parent=1158"}],"curies":[{"name":"wp","href":"https:\/\/api.w.org\/{rel}","templated":true}]}}