{"id":1118,"date":"2022-03-03T20:39:09","date_gmt":"2022-03-03T20:39:09","guid":{"rendered":"https:\/\/sirgas.ipgh.org\/escuela-geoide\/?page_id=1118"},"modified":"2024-11-09T19:30:54","modified_gmt":"2024-11-09T19:30:54","slug":"sede-pt","status":"publish","type":"page","link":"https:\/\/sirgas.ipgh.org\/escuela-geoide\/pt\/sede-pt\/","title":{"rendered":"SEDE PT"},"content":{"rendered":"\t\t<div data-elementor-type=\"wp-page\" data-elementor-id=\"1118\" class=\"elementor elementor-1118\">\n\t\t\t\t\t\t<section class=\"elementor-section elementor-top-section elementor-element elementor-element-7875fb6 elementor-section-boxed elementor-section-height-default elementor-section-height-default\" data-id=\"7875fb6\" data-element_type=\"section\" data-settings=\"{&quot;background_background&quot;:&quot;classic&quot;}\">\n\t\t\t\t\t\t\t<div class=\"elementor-background-overlay\"><\/div>\n\t\t\t\t\t\t\t<div class=\"elementor-container elementor-column-gap-no\">\n\t\t\t\t\t<div class=\"elementor-column elementor-col-100 elementor-top-column elementor-element elementor-element-2347df7\" data-id=\"2347df7\" data-element_type=\"column\">\n\t\t\t<div class=\"elementor-widget-wrap elementor-element-populated\">\n\t\t\t\t\t\t<div class=\"elementor-element elementor-element-8f5458c elementor-widget elementor-widget-spacer\" data-id=\"8f5458c\" data-element_type=\"widget\" data-widget_type=\"spacer.default\">\n\t\t\t\t<div class=\"elementor-widget-container\">\n\t\t\t\t\t\t\t<div class=\"elementor-spacer\">\n\t\t\t<div class=\"elementor-spacer-inner\"><\/div>\n\t\t<\/div>\n\t\t\t\t\t\t<\/div>\n\t\t\t\t<\/div>\n\t\t\t\t<div class=\"elementor-element elementor-element-6d4b69e elementor-widget elementor-widget-heading\" data-id=\"6d4b69e\" data-element_type=\"widget\" data-widget_type=\"heading.default\">\n\t\t\t\t<div class=\"elementor-widget-container\">\n\t\t\t\t\t<h1 class=\"elementor-heading-title elementor-size-default\">Sede<\/h1>\t\t\t\t<\/div>\n\t\t\t\t<\/div>\n\t\t\t\t\t<\/div>\n\t\t<\/div>\n\t\t\t\t\t<\/div>\n\t\t<\/section>\n\t\t\t\t<section class=\"elementor-section elementor-top-section elementor-element elementor-element-7078d02 elementor-section-content-middle elementor-section-boxed elementor-section-height-default elementor-section-height-default\" data-id=\"7078d02\" data-element_type=\"section\">\n\t\t\t\t\t\t<div class=\"elementor-container elementor-column-gap-no\">\n\t\t\t\t\t<div class=\"elementor-column elementor-col-100 elementor-top-column elementor-element elementor-element-aab6283\" data-id=\"aab6283\" data-element_type=\"column\">\n\t\t\t<div class=\"elementor-widget-wrap elementor-element-populated\">\n\t\t\t\t\t\t<div class=\"elementor-element elementor-element-da3ec76 elementor-widget elementor-widget-text-editor\" data-id=\"da3ec76\" data-element_type=\"widget\" data-widget_type=\"text-editor.default\">\n\t\t\t\t<div class=\"elementor-widget-container\">\n\t\t\t\t\t\t\t\t\t<h2>Sede da Escola \u201cTempo Real\u201d<\/h2>\t\t\t\t\t\t\t\t<\/div>\n\t\t\t\t<\/div>\n\t\t\t\t\t<\/div>\n\t\t<\/div>\n\t\t\t\t\t<\/div>\n\t\t<\/section>\n\t\t\t\t<section class=\"elementor-section elementor-top-section elementor-element elementor-element-a7ce2e0 elementor-section-boxed elementor-section-height-default elementor-section-height-default\" data-id=\"a7ce2e0\" data-element_type=\"section\">\n\t\t\t\t\t\t<div class=\"elementor-container elementor-column-gap-default\">\n\t\t\t\t\t<div class=\"elementor-column elementor-col-50 elementor-top-column elementor-element elementor-element-c439a08\" data-id=\"c439a08\" data-element_type=\"column\">\n\t\t\t<div class=\"elementor-widget-wrap elementor-element-populated\">\n\t\t\t\t\t\t<div class=\"elementor-element elementor-element-a07386f elementor-widget elementor-widget-text-editor\" data-id=\"a07386f\" data-element_type=\"widget\" data-widget_type=\"text-editor.default\">\n\t\t\t\t<div class=\"elementor-widget-container\">\n\t\t\t\t\t\t\t\t\t<div class=\"elementor-element elementor-element-576e6cc elementor-widget elementor-widget-text-editor\" data-id=\"576e6cc\" data-element_type=\"widget\" data-widget_type=\"text-editor.default\"><div class=\"elementor-widget-container\"><p>A Escola SIRGAS \u00abReal Time\u00bb ser\u00e1 realizada em <strong>Bogot\u00e1, Colombia<\/strong><\/p><\/div><\/div><div class=\"elementor-element elementor-element-7f9c6f1 elementor-icon-list--layout-traditional elementor-list-item-link-full_width elementor-widget elementor-widget-icon-list\" data-id=\"7f9c6f1\" data-element_type=\"widget\" data-widget_type=\"icon-list.default\"><div class=\"elementor-widget-container\"><ul class=\"elementor-icon-list-items\"><li class=\"elementor-icon-list-item\"><i class=\"fas fa-map-marker-alt\" aria-hidden=\"true\"><\/i><a href=\"https:\/\/maps.app.goo.gl\/ctruATowPErYceou8\">Universidad Distrital Francisco Jos\u00e9 de Caldas<\/a><br \/><div class=\"vKmG2c\">\u00a0<\/div><\/li><li class=\"elementor-icon-list-item\"><div class=\"vKmG2c\"><strong>Faculdade de Engenharia da Universidade Distrital Francisco Jos\u00e9 de Celdas, Laborat\u00f3rios LatitUD &#8211; Engenharia Cadastral e Geod\u00e9sia, Carrera 7# 40B-57,n\u00edvel 4<\/strong><\/div><\/li><\/ul><\/div><\/div>\t\t\t\t\t\t\t\t<\/div>\n\t\t\t\t<\/div>\n\t\t\t\t\t<\/div>\n\t\t<\/div>\n\t\t\t\t<div class=\"elementor-column elementor-col-50 elementor-top-column elementor-element elementor-element-227a7ea\" data-id=\"227a7ea\" data-element_type=\"column\">\n\t\t\t<div class=\"elementor-widget-wrap elementor-element-populated\">\n\t\t\t\t\t\t<div class=\"elementor-element elementor-element-6a6538e elementor-widget elementor-widget-google_maps\" data-id=\"6a6538e\" data-element_type=\"widget\" data-widget_type=\"google_maps.default\">\n\t\t\t\t<div class=\"elementor-widget-container\">\n\t\t\t\t\t\t\t<div class=\"elementor-custom-embed\">\n\t\t\t<iframe loading=\"lazy\"\n\t\t\t\t\tsrc=\"https:\/\/maps.google.com\/maps?q=Universidad%20Distrital%20Francisco%20Jos%C3%A9%20de%20Caldas%20Cl.%2013%20%2331%20-75%2C%20Chapinero%2C%20Bogot%C3%A1%2C%20Cundinamarca%2C%20Colombia&#038;t=m&#038;z=10&#038;output=embed&#038;iwloc=near\"\n\t\t\t\t\ttitle=\"Universidad Distrital Francisco Jos\u00e9 de Caldas Cl. 13 #31 -75, Chapinero, Bogot\u00e1, Cundinamarca, Colombia\"\n\t\t\t\t\taria-label=\"Universidad Distrital Francisco Jos\u00e9 de Caldas Cl. 13 #31 -75, Chapinero, Bogot\u00e1, Cundinamarca, Colombia\"\n\t\t\t><\/iframe>\n\t\t<\/div>\n\t\t\t\t\t\t<\/div>\n\t\t\t\t<\/div>\n\t\t\t\t\t<\/div>\n\t\t<\/div>\n\t\t\t\t\t<\/div>\n\t\t<\/section>\n\t\t\t\t<\/div>\n\t\t","protected":false},"excerpt":{"rendered":"<p>Sede Sede da Escola \u201cTempo Real\u201d A Escola SIRGAS \u00abReal Time\u00bb ser\u00e1 realizada em Bogot\u00e1, Colombia Universidad Distrital Francisco Jos\u00e9 de Caldas\u00a0 Faculdade de Engenharia da Universidade Distrital Francisco Jos\u00e9 de Celdas, Laborat\u00f3rios LatitUD &#8211; Engenharia Cadastral e Geod\u00e9sia, Carrera 7# 40B-57,n\u00edvel 4<\/p>\n","protected":false},"author":1,"featured_media":0,"parent":0,"menu_order":0,"comment_status":"closed","ping_status":"closed","template":"","meta":{"site-sidebar-layout":"no-sidebar","site-content-layout":"page-builder","ast-site-content-layout":"","site-content-style":"default","site-sidebar-style":"default","ast-global-header-display":"","ast-banner-title-visibility":"","ast-main-header-display":"","ast-hfb-above-header-display":"","ast-hfb-below-header-display":"","ast-hfb-mobile-header-display":"","site-post-title":"disabled","ast-breadcrumbs-content":"disabled","ast-featured-img":"disabled","footer-sml-layout":"","theme-transparent-header-meta":"enabled","adv-header-id-meta":"","stick-header-meta":"","header-above-stick-meta":"","header-main-stick-meta":"","header-below-stick-meta":"","astra-migrate-meta-layouts":"default","ast-page-background-enabled":"default","ast-page-background-meta":{"desktop":{"background-color":"","background-image":"","background-repeat":"repeat","background-position":"center center","background-size":"auto","background-attachment":"scroll","background-type":"","background-media":"","overlay-type":"","overlay-color":"","overlay-opacity":"","overlay-gradient":""},"tablet":{"background-color":"","background-image":"","background-repeat":"repeat","background-position":"center center","background-size":"auto","background-attachment":"scroll","background-type":"","background-media":"","overlay-type":"","overlay-color":"","overlay-opacity":"","overlay-gradient":""},"mobile":{"background-color":"","background-image":"","background-repeat":"repeat","background-position":"center center","background-size":"auto","background-attachment":"scroll","background-type":"","background-media":"","overlay-type":"","overlay-color":"","overlay-opacity":"","overlay-gradient":""}},"ast-content-background-meta":{"desktop":{"background-color":"var(--ast-global-color-5)","background-image":"","background-repeat":"repeat","background-position":"center center","background-size":"auto","background-attachment":"scroll","background-type":"","background-media":"","overlay-type":"","overlay-color":"","overlay-opacity":"","overlay-gradient":""},"tablet":{"background-color":"var(--ast-global-color-5)","background-image":"","background-repeat":"repeat","background-position":"center center","background-size":"auto","background-attachment":"scroll","background-type":"","background-media":"","overlay-type":"","overlay-color":"","overlay-opacity":"","overlay-gradient":""},"mobile":{"background-color":"var(--ast-global-color-5)","background-image":"","background-repeat":"repeat","background-position":"center center","background-size":"auto","background-attachment":"scroll","background-type":"","background-media":"","overlay-type":"","overlay-color":"","overlay-opacity":"","overlay-gradient":""}},"footnotes":""},"class_list":["post-1118","page","type-page","status-publish","hentry"],"_links":{"self":[{"href":"https:\/\/sirgas.ipgh.org\/escuela-geoide\/wp-json\/wp\/v2\/pages\/1118","targetHints":{"allow":["GET"]}}],"collection":[{"href":"https:\/\/sirgas.ipgh.org\/escuela-geoide\/wp-json\/wp\/v2\/pages"}],"about":[{"href":"https:\/\/sirgas.ipgh.org\/escuela-geoide\/wp-json\/wp\/v2\/types\/page"}],"author":[{"embeddable":true,"href":"https:\/\/sirgas.ipgh.org\/escuela-geoide\/wp-json\/wp\/v2\/users\/1"}],"replies":[{"embeddable":true,"href":"https:\/\/sirgas.ipgh.org\/escuela-geoide\/wp-json\/wp\/v2\/comments?post=1118"}],"version-history":[{"count":76,"href":"https:\/\/sirgas.ipgh.org\/escuela-geoide\/wp-json\/wp\/v2\/pages\/1118\/revisions"}],"predecessor-version":[{"id":3372,"href":"https:\/\/sirgas.ipgh.org\/escuela-geoide\/wp-json\/wp\/v2\/pages\/1118\/revisions\/3372"}],"wp:attachment":[{"href":"https:\/\/sirgas.ipgh.org\/escuela-geoide\/wp-json\/wp\/v2\/media?parent=1118"}],"curies":[{"name":"wp","href":"https:\/\/api.w.org\/{rel}","templated":true}]}}